{"id":39,"date":"2026-02-09T11:43:08","date_gmt":"2026-02-09T16:43:08","guid":{"rendered":"https:\/\/lmagnan.dectim.ca\/env_professionnel_TP2\/blogue\/?page_id=39"},"modified":"2026-04-27T11:34:45","modified_gmt":"2026-04-27T15:34:45","slug":"presentation-generale-du-portfolio","status":"publish","type":"page","link":"https:\/\/lmagnan.dectim.ca\/env_professionnel_TP2\/blogue\/presentation-generale-du-portfolio\/","title":{"rendered":"PORTFOLIO"},"content":{"rendered":"\n<div class=\"wp-block-nk-awb nk-awb nk-awb-fullheight nk-awb-content-valign-center alignfull\" style=\"padding-top:var(--wp--preset--spacing--80);padding-bottom:var(--wp--preset--spacing--80)\"><div class=\"nk-awb-wrap\" data-awb-type=\"yt_vm_video\" data-awb-video=\"https:\/\/www.youtube.com\/watch?v=2_r7VYT61Lo&amp;list=PLTDgOUcX23hbmAATluQUP3aZwSXQa01GJ&amp;index=299\" data-awb-video-mobile=\"false\"><div class=\"nk-awb-inner\"><\/div><\/div><div class=\"nk-awb-wrap-content is-layout-constrained wp-block-nk-awb-is-layout-constrained\">\n<h2 class=\"wp-block-heading animated slideInLeft o-anim-offset-0px\" style=\"font-size:80px\">Au-del\u00e0 du Maillage<\/h2>\n\n\n\n<div class=\"wp-block-uagb-container animated slideInLeft o-anim-offset-0px uagb-block-514597ff alignfull uagb-is-root-container\"><div class=\"uagb-container-inner-blocks-wrap\">\n<p class=\"has-background\" style=\"border-top-left-radius:100px;border-top-right-radius:100px;border-bottom-left-radius:100px;border-bottom-right-radius:100px;background-color:#6c7b9185;margin-right:23rem;padding-top:var(--wp--preset--spacing--20);padding-right:var(--wp--preset--spacing--60);padding-bottom:var(--wp--preset--spacing--20);padding-left:var(--wp--preset--spacing--60)\">D\u00e9couvrez comment nous repoussons les limites de la 3D.<\/p>\n<\/div><\/div>\n\n\n\n<div style=\"height:380px\" aria-hidden=\"true\" class=\"wp-block-spacer\"><\/div>\n<\/div><\/div>\n\n\n\n<div class=\"wp-block-nk-awb nk-awb alignfull\" style=\"padding-top:0;padding-right:0;padding-bottom:0;padding-left:0\"><div class=\"nk-awb-wrap\" data-awb-type=\"color\"><div class=\"nk-awb-overlay\" style=\"background: var(--ast-global-color-4);\"><\/div><\/div><div class=\"nk-awb-wrap-content is-layout-constrained wp-container-nk-awb-is-layout-639b5052 wp-block-nk-awb-is-layout-constrained\">\n<div style=\"height:60px\" aria-hidden=\"true\" class=\"wp-block-spacer\"><\/div>\n\n\n\n<h2 class=\"wp-block-heading animated slideInLeft o-anim-offset-0px\">notre force de frappe cr\u00e9ative<\/h2>\n\n\n\n<p class=\"animated slideInLeft o-anim-offset-0px\">L\u2019\u00e9quipe de Mod3L regroupe des <strong><mark style=\"background-color:rgba(0, 0, 0, 0)\" class=\"has-inline-color has-ast-global-color-0-color\">cr\u00e9ateurs passionn\u00e9s<\/mark><\/strong> sp\u00e9cialis\u00e9s en 3D. En combinant nos exp\u00e9riences en mod\u00e9lisation, animation et rendu, nous collaborons \u00e9troitement afin de donner vie \u00e0 des <strong><mark style=\"background-color:rgba(0, 0, 0, 0)\" class=\"has-inline-color has-ast-global-color-1-color\">projets innovants<\/mark><\/strong>.<\/p>\n\n\n\n<div style=\"height:60px\" aria-hidden=\"true\" class=\"wp-block-spacer\"><\/div>\n<\/div><\/div>\n\n\n\n<div style=\"height:60px\" aria-hidden=\"true\" class=\"wp-block-spacer\"><\/div>\n\n\n\n<h2 class=\"wp-block-heading animated slideInRight o-anim-offset-0px\">Nos projets<\/h2>\n\n\n\n<div style=\"height:60px\" aria-hidden=\"true\" class=\"wp-block-spacer\"><\/div>\n\n\n\t\t\t\t\t<div\n\t\t\t\t\t\tclass=\"wp-block-uagb-image-gallery uagb-block-135ad05a     \"\n\t\t\t\t\t\tstyle=\"\"\n\t\t\t\t\t>\n\t\t\t\t\t\t\t\t\t\t\t<div class=\"spectra-image-gallery spectra-image-gallery__layout--tiled spectra-image-gallery__layout--tiled-col-4 spectra-image-gallery__layout--tiled-col-tab-3 spectra-image-gallery__layout--tiled-col-mob-2\">\n\t\t\t\t\t\t\t\t\t\t\t<div class='spectra-image-gallery__media-wrapper' data-spectra-gallery-image-id='1651' tabindex=\"0\">\n\t\t\t\t\t\t\t<div class=\"spectra-image-gallery__media spectra-image-gallery__media--tiled\">\n\t\t\t\t<picture>\n\t\t\t\t\t<source media=\"(min-width: 1024px)\" srcset=\"https:\/\/lmagnan.dectim.ca\/env_professionnel_TP2\/blogue\/wp-content\/uploads\/2026\/04\/0686.png\">\n\t\t\t\t\t<source media=\"(min-width: 768px)\" srcset=\"https:\/\/lmagnan.dectim.ca\/env_professionnel_TP2\/blogue\/wp-content\/uploads\/2026\/04\/0686.png\">\n\t\t\t\t\t<img decoding=\"async\" class=\"spectra-image-gallery__media-thumbnail spectra-image-gallery__media-thumbnail--tiled\" src=\"https:\/\/lmagnan.dectim.ca\/env_professionnel_TP2\/blogue\/wp-content\/uploads\/2026\/04\/0686-300x169.png\" alt=\"\" loading=\"lazy\" \/>\n\t\t\t\t<\/picture>\n\t\t\t\t<div class=\"spectra-image-gallery__media-thumbnail-blurrer\"><\/div>\n\t\t\t\t\t\t\t\t\t\t\t<div class=\"spectra-image-gallery__media-thumbnail-caption-wrapper spectra-image-gallery__media-thumbnail-caption-wrapper--overlay\">\n\t\t\t\t\t\t\t\t\t\t\t<div class=\"spectra-image-gallery__media-thumbnail-caption spectra-image-gallery__media-thumbnail-caption--overlay\">\n\t\t\t\t\t<a href=\"https:\/\/lmagnan.dectim.ca\/env_professionnel_TP2\/blogue\/projet-01\/\" data-type=\"page\" data-id=\"811\">Raffinement<\/a>\t\t\t\t<\/div>\n\t\t\t\t\t\t\t\t\t\t<\/div>\n\t\t\t\t\t\t\t\t\t<\/div>\n\t\t\t\t\t\t<\/div>\n\t\t\t\t\t\t<div class='spectra-image-gallery__media-wrapper' data-spectra-gallery-image-id='1847' tabindex=\"0\">\n\t\t\t\t\t\t\t<div class=\"spectra-image-gallery__media spectra-image-gallery__media--tiled\">\n\t\t\t\t<picture>\n\t\t\t\t\t<source media=\"(min-width: 1024px)\" srcset=\"https:\/\/lmagnan.dectim.ca\/env_professionnel_TP2\/blogue\/wp-content\/uploads\/2026\/04\/image.png\">\n\t\t\t\t\t<source media=\"(min-width: 768px)\" srcset=\"https:\/\/lmagnan.dectim.ca\/env_professionnel_TP2\/blogue\/wp-content\/uploads\/2026\/04\/image.png\">\n\t\t\t\t\t<img decoding=\"async\" class=\"spectra-image-gallery__media-thumbnail spectra-image-gallery__media-thumbnail--tiled\" src=\"https:\/\/lmagnan.dectim.ca\/env_professionnel_TP2\/blogue\/wp-content\/uploads\/2026\/04\/image-300x169.png\" alt=\"\" loading=\"lazy\" \/>\n\t\t\t\t<\/picture>\n\t\t\t\t<div class=\"spectra-image-gallery__media-thumbnail-blurrer\"><\/div>\n\t\t\t\t\t\t\t\t\t\t\t<div class=\"spectra-image-gallery__media-thumbnail-caption-wrapper spectra-image-gallery__media-thumbnail-caption-wrapper--overlay\">\n\t\t\t\t\t\t\t\t\t\t\t<div class=\"spectra-image-gallery__media-thumbnail-caption spectra-image-gallery__media-thumbnail-caption--overlay\">\n\t\t\t\t\t<a href=\"https:\/\/lmagnan.dectim.ca\/env_professionnel_TP2\/blogue\/projet-02\/\" data-type=\"page\" data-id=\"813\">Le Guide<\/a>\t\t\t\t<\/div>\n\t\t\t\t\t\t\t\t\t\t<\/div>\n\t\t\t\t\t\t\t\t\t<\/div>\n\t\t\t\t\t\t<\/div>\n\t\t\t\t\t\t<div class='spectra-image-gallery__media-wrapper' data-spectra-gallery-image-id='2147' tabindex=\"0\">\n\t\t\t\t\t\t\t<div class=\"spectra-image-gallery__media spectra-image-gallery__media--tiled\">\n\t\t\t\t<picture>\n\t\t\t\t\t<source media=\"(min-width: 1024px)\" srcset=\"https:\/\/lmagnan.dectim.ca\/env_professionnel_TP2\/blogue\/wp-content\/uploads\/2026\/04\/58cfbf1792edb239292473-e1533339849298-1024x410.webp\">\n\t\t\t\t\t<source media=\"(min-width: 768px)\" srcset=\"https:\/\/lmagnan.dectim.ca\/env_professionnel_TP2\/blogue\/wp-content\/uploads\/2026\/04\/58cfbf1792edb239292473-e1533339849298-1024x410.webp\">\n\t\t\t\t\t<img decoding=\"async\" class=\"spectra-image-gallery__media-thumbnail spectra-image-gallery__media-thumbnail--tiled\" src=\"https:\/\/lmagnan.dectim.ca\/env_professionnel_TP2\/blogue\/wp-content\/uploads\/2026\/04\/58cfbf1792edb239292473-e1533339849298-300x120.webp\" alt=\"\" loading=\"lazy\" \/>\n\t\t\t\t<\/picture>\n\t\t\t\t<div class=\"spectra-image-gallery__media-thumbnail-blurrer\"><\/div>\n\t\t\t\t\t\t\t\t\t\t\t<div class=\"spectra-image-gallery__media-thumbnail-caption-wrapper spectra-image-gallery__media-thumbnail-caption-wrapper--overlay\">\n\t\t\t\t\t\t\t\t\t\t\t<div class=\"spectra-image-gallery__media-thumbnail-caption spectra-image-gallery__media-thumbnail-caption--overlay\">\n\t\t\t\t\t<a href=\"https:\/\/lmagnan.dectim.ca\/env_professionnel_TP2\/blogue\/projet-04\/\" data-type=\"page\" data-id=\"817\">Nausicaa<\/a>\t\t\t\t<\/div>\n\t\t\t\t\t\t\t\t\t\t<\/div>\n\t\t\t\t\t\t\t\t\t<\/div>\n\t\t\t\t\t\t<\/div>\n\t\t\t\t\t\t<div class='spectra-image-gallery__media-wrapper' data-spectra-gallery-image-id='1965' tabindex=\"0\">\n\t\t\t\t\t\t\t<div class=\"spectra-image-gallery__media spectra-image-gallery__media--tiled\">\n\t\t\t\t<picture>\n\t\t\t\t\t<source media=\"(min-width: 1024px)\" srcset=\"https:\/\/lmagnan.dectim.ca\/env_professionnel_TP2\/blogue\/wp-content\/uploads\/2026\/04\/Capture-decran-2026-04-16-174753-1024x467.jpg\">\n\t\t\t\t\t<source media=\"(min-width: 768px)\" srcset=\"https:\/\/lmagnan.dectim.ca\/env_professionnel_TP2\/blogue\/wp-content\/uploads\/2026\/04\/Capture-decran-2026-04-16-174753-1024x467.jpg\">\n\t\t\t\t\t<img decoding=\"async\" class=\"spectra-image-gallery__media-thumbnail spectra-image-gallery__media-thumbnail--tiled\" src=\"https:\/\/lmagnan.dectim.ca\/env_professionnel_TP2\/blogue\/wp-content\/uploads\/2026\/04\/Capture-decran-2026-04-16-174753-300x137.jpg\" alt=\"\" loading=\"lazy\" \/>\n\t\t\t\t<\/picture>\n\t\t\t\t<div class=\"spectra-image-gallery__media-thumbnail-blurrer\"><\/div>\n\t\t\t\t\t\t\t\t\t\t\t<div class=\"spectra-image-gallery__media-thumbnail-caption-wrapper spectra-image-gallery__media-thumbnail-caption-wrapper--overlay\">\n\t\t\t\t\t\t\t\t\t\t\t<div class=\"spectra-image-gallery__media-thumbnail-caption spectra-image-gallery__media-thumbnail-caption--overlay\">\n\t\t\t\t\t<a href=\"https:\/\/lmagnan.dectim.ca\/env_professionnel_TP2\/blogue\/projet-03\/\" data-type=\"page\" data-id=\"815\">Corridor Spacial<\/a>\t\t\t\t<\/div>\n\t\t\t\t\t\t\t\t\t\t<\/div>\n\t\t\t\t\t\t\t\t\t<\/div>\n\t\t\t\t\t\t<\/div>\n\t\t\t\t\t\t\t\t\t\t\t<div class=\"spectra-image-gallery__media-sizer\"><\/div>\n\t\t\t\t\t\t\t<\/div>\n\t\t\t\t\t\t\t\t\t\t\t<\/div>\n\t\t\t\t\t\t\t\t\t\n\n\n<div style=\"height:60px\" aria-hidden=\"true\" class=\"wp-block-spacer\"><\/div>\n","protected":false},"excerpt":{"rendered":"<p>Nos projets<\/p>\n","protected":false},"author":1,"featured_media":0,"parent":0,"menu_order":0,"comment_status":"closed","ping_status":"closed","template":"","meta":{"_uag_custom_page_level_css":"","site-sidebar-layout":"default","site-content-layout":"","ast-site-content-layout":"default","site-content-style":"default","site-sidebar-style":"default","ast-global-header-display":"","ast-banner-title-visibility":"","ast-main-header-display":"","ast-hfb-above-header-display":"","ast-hfb-below-header-display":"","ast-hfb-mobile-header-display":"","site-post-title":"disabled","ast-breadcrumbs-content":"","ast-featured-img":"","footer-sml-layout":"","ast-disable-related-posts":"","theme-transparent-header-meta":"","adv-header-id-meta":"","stick-header-meta":"","header-above-stick-meta":"","header-main-stick-meta":"","header-below-stick-meta":"","astra-migrate-meta-layouts":"default","ast-page-background-enabled":"default","ast-page-background-meta":{"desktop":{"background-color":"var(--ast-global-color-5)","background-image":"","background-repeat":"repeat","background-position":"center center","background-size":"auto","background-attachment":"scroll","background-type":"","background-media":"","overlay-type":"","overlay-color":"","overlay-opacity":"","overlay-gradient":""},"tablet":{"background-color":"","background-image":"","background-repeat":"repeat","background-position":"center center","background-size":"auto","background-attachment":"scroll","background-type":"","background-media":"","overlay-type":"","overlay-color":"","overlay-opacity":"","overlay-gradient":""},"mobile":{"background-color":"","background-image":"","background-repeat":"repeat","background-position":"center center","background-size":"auto","background-attachment":"scroll","background-type":"","background-media":"","overlay-type":"","overlay-color":"","overlay-opacity":"","overlay-gradient":""}},"ast-content-background-meta":{"desktop":{"background-color":"var(--ast-global-color-4)","background-image":"","background-repeat":"repeat","background-position":"center center","background-size":"auto","background-attachment":"scroll","background-type":"","background-media":"","overlay-type":"","overlay-color":"","overlay-opacity":"","overlay-gradient":""},"tablet":{"background-color":"var(--ast-global-color-4)","background-image":"","background-repeat":"repeat","background-position":"center center","background-size":"auto","background-attachment":"scroll","background-type":"","background-media":"","overlay-type":"","overlay-color":"","overlay-opacity":"","overlay-gradient":""},"mobile":{"background-color":"var(--ast-global-color-4)","background-image":"","background-repeat":"repeat","background-position":"center center","background-size":"auto","background-attachment":"scroll","background-type":"","background-media":"","overlay-type":"","overlay-color":"","overlay-opacity":"","overlay-gradient":""}},"_themeisle_gutenberg_block_has_review":false,"footnotes":""},"class_list":["post-39","page","type-page","status-publish","hentry"],"uagb_featured_image_src":{"full":false,"thumbnail":false,"medium":false,"medium_large":false,"large":false,"1536x1536":false,"2048x2048":false,"awb_sm":false,"awb_md":false,"awb_lg":false,"awb_xl":false},"uagb_author_info":{"display_name":"louis","author_link":"https:\/\/lmagnan.dectim.ca\/env_professionnel_TP2\/blogue\/author\/louis\/"},"uagb_comment_info":0,"uagb_excerpt":"Nos projets","_links":{"self":[{"href":"https:\/\/lmagnan.dectim.ca\/env_professionnel_TP2\/blogue\/wp-json\/wp\/v2\/pages\/39","targetHints":{"allow":["GET"]}}],"collection":[{"href":"https:\/\/lmagnan.dectim.ca\/env_professionnel_TP2\/blogue\/wp-json\/wp\/v2\/pages"}],"about":[{"href":"https:\/\/lmagnan.dectim.ca\/env_professionnel_TP2\/blogue\/wp-json\/wp\/v2\/types\/page"}],"author":[{"embeddable":true,"href":"https:\/\/lmagnan.dectim.ca\/env_professionnel_TP2\/blogue\/wp-json\/wp\/v2\/users\/1"}],"replies":[{"embeddable":true,"href":"https:\/\/lmagnan.dectim.ca\/env_professionnel_TP2\/blogue\/wp-json\/wp\/v2\/comments?post=39"}],"version-history":[{"count":52,"href":"https:\/\/lmagnan.dectim.ca\/env_professionnel_TP2\/blogue\/wp-json\/wp\/v2\/pages\/39\/revisions"}],"predecessor-version":[{"id":2255,"href":"https:\/\/lmagnan.dectim.ca\/env_professionnel_TP2\/blogue\/wp-json\/wp\/v2\/pages\/39\/revisions\/2255"}],"wp:attachment":[{"href":"https:\/\/lmagnan.dectim.ca\/env_professionnel_TP2\/blogue\/wp-json\/wp\/v2\/media?parent=39"}],"curies":[{"name":"wp","href":"https:\/\/api.w.org\/{rel}","templated":true}]}}