{"id":31,"date":"2026-02-09T10:37:31","date_gmt":"2026-02-09T15:37:31","guid":{"rendered":"https:\/\/lmagnan.dectim.ca\/env_professionnel_TP2\/blogue\/?page_id=31"},"modified":"2026-04-27T11:11:40","modified_gmt":"2026-04-27T15:11:40","slug":"accueil","status":"publish","type":"page","link":"https:\/\/lmagnan.dectim.ca\/env_professionnel_TP2\/blogue\/","title":{"rendered":"ACCUEIL"},"content":{"rendered":"\n<div class=\"wp-block-nk-awb nk-awb alignfull\" style=\"padding-top:0;padding-right:0;padding-bottom:0;padding-left:0\"><div class=\"nk-awb-wrap\" data-awb-type=\"yt_vm_video\" data-awb-video=\"https:\/\/youtu.be\/8eigEfWtK14\" data-awb-video-mobile=\"false\"><div class=\"nk-awb-inner\"><\/div><\/div><div class=\"nk-awb-wrap-content is-layout-constrained wp-container-nk-awb-is-layout-639b5052 wp-block-nk-awb-is-layout-constrained\">\n<div class=\"wp-block-cover alignfull is-light\" style=\"margin-top:0;margin-bottom:0;padding-top:0;padding-right:var(--wp--preset--spacing--60);padding-bottom:0;padding-left:var(--wp--preset--spacing--60);min-height:900px;aspect-ratio:unset;\"><span aria-hidden=\"true\" class=\"wp-block-cover__background has-background-dim-30 has-background-dim\"><\/span><div class=\"wp-block-cover__inner-container is-layout-constrained wp-container-core-cover-is-layout-75346154 wp-block-cover-is-layout-constrained\">\n\n\n<h1 class=\"wp-block-heading animated slideInLeft o-anim-offset-0px has-ast-global-color-2-color has-text-color has-link-color wp-elements-1a510e9d70e3935288d63a7f22c084db\" style=\"font-size:80px\"><strong>Transformons <\/strong><\/h1>\n\n\n\n<h1 class=\"wp-block-heading animated slideInLeft o-anim-offset-0px has-ast-global-color-2-color has-text-color has-link-color wp-elements-6105492209cf8572bad8a8907ebea2e1\" style=\"margin-top:-10px;font-size:80px\">l\u2019abstrait en r\u00e9alit\u00e9.<\/h1>\n\n\n\n<div class=\"wp-block-uagb-container animated slideInLeft o-anim-offset-0px uagb-block-514597ff alignfull uagb-is-root-container\"><div class=\"uagb-container-inner-blocks-wrap\">\n<p class=\"has-background\" style=\"border-top-left-radius:100px;border-top-right-radius:100px;border-bottom-left-radius:100px;border-bottom-right-radius:100px;background-color:#6c7b9185;margin-right:19rem;padding-top:var(--wp--preset--spacing--20);padding-right:var(--wp--preset--spacing--60);padding-bottom:var(--wp--preset--spacing--20);padding-left:var(--wp--preset--spacing--60)\">Votre partenaire de sous-traitance pour donner vie \u00e0 vos concepts.<\/p>\n<\/div><\/div>\n\n\n\n<div class=\"wp-block-uagb-buttons uagb-buttons__outer-wrap uagb-btn__default-btn uagb-btn-tablet__default-btn uagb-btn-mobile__default-btn uagb-block-ae1a3113\"><div class=\"uagb-buttons__wrap uagb-buttons-layout-wrap \">\n<div data-aos= \"fade\" data-aos-duration=\"400\" data-aos-delay=\"0\" data-aos-easing=\"ease\" data-aos-once=\"true\" class=\"wp-block-uagb-buttons-child uagb-buttons__outer-wrap uagb-block-e9c37fbb wp-block-button animated fadeInLeftBig\"><div class=\"uagb-button__wrapper\"><a class=\"uagb-buttons-repeater wp-block-button__link\" aria-label=\"\" href=\"https:\/\/lmagnan.dectim.ca\/env_professionnel_TP2\/blogue\/presentation-generale-du-portfolio\/\" rel=\"follow noopener\" target=\"_self\" role=\"button\"><div class=\"uagb-button__link\">VOIR NOS PROJETS<\/div><\/a><\/div><\/div>\n<\/div><\/div>\n\n\n\n<div style=\"height:340px\" aria-hidden=\"true\" class=\"wp-block-spacer\"><\/div>\n<\/div><\/div>\n<\/div><\/div>\n\n\n\n<div style=\"height:60px\" aria-hidden=\"true\" class=\"wp-block-spacer\"><\/div>\n\n\n\n<h2 class=\"wp-block-heading animated slideInLeft delay-100ms o-anim-offset-0px\">Ce que nous proposons<\/h2>\n\n\n\n<div style=\"height:60px\" aria-hidden=\"true\" class=\"wp-block-spacer\"><\/div>\n\n\n\n<div class=\"wp-block-uagb-container uagb-block-acebc1b8 alignfull uagb-is-root-container\"><div class=\"uagb-container-inner-blocks-wrap\">\n<div class=\"wp-block-group animated slideInLeft o-anim-offset-0px is-nowrap is-layout-flex wp-container-core-group-is-layout-cd9ab148 wp-block-group-is-layout-flex\">\n<div class=\"wp-block-uagb-container o-anim-offset-0px o-anim-value-delay-10ms uagb-block-21c192d4\">\n<figure class=\"wp-block-image aligncenter size-full has-custom-border image--accueil is-style-default\"><img decoding=\"async\" src=\"https:\/\/lmagnan.dectim.ca\/env_professionnel_TP2\/blogue\/wp-content\/uploads\/2026\/04\/polina-kondrashova-fhrWAh2HMnM-unsplash-edited-1-scaled.webp\" alt=\"\" class=\"wp-image-1826\" style=\"border-top-left-radius:24px;border-top-right-radius:24px;border-bottom-left-radius:24px;border-bottom-right-radius:24px;aspect-ratio:16\/9;object-fit:cover\"\/><\/figure>\n<\/div>\n\n\n\n<div class=\"wp-block-uagb-container o-anim-offset-0px uagb-block-7c7ba834\">\n<h3 class=\"wp-block-heading\" style=\"font-size:36px\">Mod\u00e9lisation 3D<\/h3>\n\n\n\n<p class=\"has-ast-global-color-2-color has-text-color has-link-color wp-elements-8e9882d6025c8a79e6fd392fafb2e4ea\" style=\"font-size:24px\">La mod\u00e9lisation 3D consiste \u00e0 cr\u00e9er des <mark style=\"background-color:rgba(0, 0, 0, 0)\" class=\"has-inline-color has-ast-global-color-1-color\"><strong>objets<\/strong><\/mark>, des <mark style=\"background-color:rgba(0, 0, 0, 0)\" class=\"has-inline-color has-ast-global-color-1-color\"><strong>environnements<\/strong><\/mark> ou des <mark style=\"background-color:rgba(0, 0, 0, 0)\" class=\"has-inline-color has-ast-global-color-1-color\"><strong>produits <\/strong><\/mark>en trois dimensions \u00e0 partir de logiciels sp\u00e9cialis\u00e9s.<\/p>\n<\/div>\n<\/div>\n\n\n\n<div class=\"wp-block-group animated slideInRight o-anim-offset-0px is-nowrap is-layout-flex wp-container-core-group-is-layout-cd9ab148 wp-block-group-is-layout-flex\">\n<div class=\"wp-block-uagb-container o-anim-offset-0px uagb-block-b5eca2f7\">\n<h3 class=\"wp-block-heading\" style=\"font-size:36px\">Animation 3D<\/h3>\n\n\n\n<p style=\"font-size:24px\">L\u2019animation 3D permet de donner <strong><mark style=\"background-color:rgba(0, 0, 0, 0)\" class=\"has-inline-color has-ast-global-color-1-color\">vie <\/mark><\/strong>\u00e0 des <strong><mark style=\"background-color:rgba(0, 0, 0, 0)\" class=\"has-inline-color has-ast-global-color-1-color\">objets<\/mark><\/strong>, des <strong><mark style=\"background-color:rgba(0, 0, 0, 0)\" class=\"has-inline-color has-ast-global-color-1-color\">produits <\/mark><\/strong>ou des <strong><mark style=\"background-color:rgba(0, 0, 0, 0)\" class=\"has-inline-color has-ast-global-color-1-color\">personnages <\/mark><\/strong>num\u00e9riques en cr\u00e9ant un mouvement r\u00e9aliste.<\/p>\n<\/div>\n\n\n\n<div class=\"wp-block-uagb-container o-anim-offset-0px uagb-block-c8252caf\">\n<figure class=\"wp-block-image size-full has-custom-border\"><img loading=\"lazy\" decoding=\"async\" width=\"1280\" height=\"720\" src=\"https:\/\/lmagnan.dectim.ca\/env_professionnel_TP2\/blogue\/wp-content\/uploads\/2026\/03\/ignaciocortalezzidj-hamster-7794393_1280.jpg\" alt=\"\" class=\"wp-image-508\" style=\"border-top-left-radius:24px;border-top-right-radius:24px;border-bottom-left-radius:24px;border-bottom-right-radius:24px;aspect-ratio:16\/9;object-fit:cover\" srcset=\"https:\/\/lmagnan.dectim.ca\/env_professionnel_TP2\/blogue\/wp-content\/uploads\/2026\/03\/ignaciocortalezzidj-hamster-7794393_1280.jpg 1280w, https:\/\/lmagnan.dectim.ca\/env_professionnel_TP2\/blogue\/wp-content\/uploads\/2026\/03\/ignaciocortalezzidj-hamster-7794393_1280-300x169.jpg 300w, https:\/\/lmagnan.dectim.ca\/env_professionnel_TP2\/blogue\/wp-content\/uploads\/2026\/03\/ignaciocortalezzidj-hamster-7794393_1280-1024x576.jpg 1024w, https:\/\/lmagnan.dectim.ca\/env_professionnel_TP2\/blogue\/wp-content\/uploads\/2026\/03\/ignaciocortalezzidj-hamster-7794393_1280-768x432.jpg 768w, https:\/\/lmagnan.dectim.ca\/env_professionnel_TP2\/blogue\/wp-content\/uploads\/2026\/03\/ignaciocortalezzidj-hamster-7794393_1280-500x281.jpg 500w, https:\/\/lmagnan.dectim.ca\/env_professionnel_TP2\/blogue\/wp-content\/uploads\/2026\/03\/ignaciocortalezzidj-hamster-7794393_1280-800x450.jpg 800w\" sizes=\"auto, (max-width: 1280px) 100vw, 1280px\" \/><\/figure>\n<\/div>\n<\/div>\n\n\n\n<div class=\"wp-block-group animated slideInLeft o-anim-offset-0px is-nowrap is-layout-flex wp-container-core-group-is-layout-cd9ab148 wp-block-group-is-layout-flex\">\n<div class=\"wp-block-uagb-container o-anim-offset-0px uagb-block-89341b88\">\n<figure class=\"wp-block-image size-full has-custom-border\"><img loading=\"lazy\" decoding=\"async\" width=\"2560\" height=\"1440\" src=\"https:\/\/lmagnan.dectim.ca\/env_professionnel_TP2\/blogue\/wp-content\/uploads\/2026\/04\/monoar_cgi_artist-bike-7057577-scaled.webp\" alt=\"\" class=\"wp-image-1696\" style=\"border-top-left-radius:24px;border-top-right-radius:24px;border-bottom-left-radius:24px;border-bottom-right-radius:24px;aspect-ratio:16\/9;object-fit:cover\" srcset=\"https:\/\/lmagnan.dectim.ca\/env_professionnel_TP2\/blogue\/wp-content\/uploads\/2026\/04\/monoar_cgi_artist-bike-7057577-scaled.webp 2560w, https:\/\/lmagnan.dectim.ca\/env_professionnel_TP2\/blogue\/wp-content\/uploads\/2026\/04\/monoar_cgi_artist-bike-7057577-300x169.webp 300w, https:\/\/lmagnan.dectim.ca\/env_professionnel_TP2\/blogue\/wp-content\/uploads\/2026\/04\/monoar_cgi_artist-bike-7057577-1024x576.webp 1024w, https:\/\/lmagnan.dectim.ca\/env_professionnel_TP2\/blogue\/wp-content\/uploads\/2026\/04\/monoar_cgi_artist-bike-7057577-768x432.webp 768w, https:\/\/lmagnan.dectim.ca\/env_professionnel_TP2\/blogue\/wp-content\/uploads\/2026\/04\/monoar_cgi_artist-bike-7057577-1536x864.webp 1536w, https:\/\/lmagnan.dectim.ca\/env_professionnel_TP2\/blogue\/wp-content\/uploads\/2026\/04\/monoar_cgi_artist-bike-7057577-2048x1152.webp 2048w, https:\/\/lmagnan.dectim.ca\/env_professionnel_TP2\/blogue\/wp-content\/uploads\/2026\/04\/monoar_cgi_artist-bike-7057577-500x281.webp 500w, https:\/\/lmagnan.dectim.ca\/env_professionnel_TP2\/blogue\/wp-content\/uploads\/2026\/04\/monoar_cgi_artist-bike-7057577-800x450.webp 800w, https:\/\/lmagnan.dectim.ca\/env_professionnel_TP2\/blogue\/wp-content\/uploads\/2026\/04\/monoar_cgi_artist-bike-7057577-1280x720.webp 1280w, https:\/\/lmagnan.dectim.ca\/env_professionnel_TP2\/blogue\/wp-content\/uploads\/2026\/04\/monoar_cgi_artist-bike-7057577-1920x1080.webp 1920w\" sizes=\"auto, (max-width: 2560px) 100vw, 2560px\" \/><\/figure>\n<\/div>\n\n\n\n<div class=\"wp-block-uagb-container o-anim-offset-0px uagb-block-cdb3ca68\">\n<h3 class=\"wp-block-heading\" style=\"font-size:36px\">Rendu photor\u00e9aliste<\/h3>\n\n\n\n<p style=\"font-size:24px\">Le rendu photor\u00e9aliste permet de produire des <strong><mark style=\"background-color:rgba(0, 0, 0, 0)\" class=\"has-inline-color has-ast-global-color-1-color\">images 3D<\/mark><\/strong> d\u2019un r\u00e9alisme <strong><mark style=\"background-color:rgba(0, 0, 0, 0)\" class=\"has-inline-color has-ast-global-color-1-color\">comparable <\/mark><\/strong>\u00e0 une <strong><mark style=\"background-color:rgba(0, 0, 0, 0)\" class=\"has-inline-color has-ast-global-color-1-color\">photographie <\/mark><\/strong>professionnelle.<\/p>\n<\/div>\n<\/div>\n<\/div><\/div>\n\n\n\n<div style=\"height:45px\" aria-hidden=\"true\" class=\"wp-block-spacer\"><\/div>\n\n\n\n<div class=\"wp-block-uagb-buttons uagb-buttons__outer-wrap uagb-btn__default-btn uagb-btn-tablet__default-btn uagb-btn-mobile__default-btn uagb-block-9bc6f5a9\"><div class=\"uagb-buttons__wrap uagb-buttons-layout-wrap \">\n<div data-aos= \"fade\" data-aos-duration=\"400\" data-aos-delay=\"0\" data-aos-easing=\"ease\" data-aos-once=\"true\" class=\"wp-block-uagb-buttons-child uagb-buttons__outer-wrap uagb-block-851caae9 wp-block-button\"><div class=\"uagb-button__wrapper\"><a class=\"uagb-buttons-repeater wp-block-button__link\" aria-label=\"\" href=\"https:\/\/lmagnan.dectim.ca\/env_professionnel_TP2\/blogue\/pages-de-presentation-generale-des-services\/\" rel=\"follow noopener\" target=\"_self\" role=\"button\"><div class=\"uagb-button__link\">NOS SERVICES<\/div><\/a><\/div><\/div>\n<\/div><\/div>\n\n\n\n<div style=\"height:60px\" aria-hidden=\"true\" class=\"wp-block-spacer\"><\/div>\n\n\n\n<hr class=\"wp-block-separator has-text-color has-ast-global-color-2-color has-alpha-channel-opacity has-ast-global-color-2-background-color has-background is-style-wide\"\/>\n\n\n\n<div style=\"height:60px\" aria-hidden=\"true\" class=\"wp-block-spacer\"><\/div>\n\n\n\n<div class=\"wp-block-uagb-modal uagb-block-eed404a9 uagb-modal-wrapper animated slideInLeft o-anim-offset-o-anim-offset-0px\" data-escpress=\"enable\" data-overlayclick=\"disable\"><div class=\"uagb-spectra-button-wrapper wp-block-button\"><a class=\"uagb-modal-button-link wp-block-button__link uagb-modal-trigger\" href=\"#\" onclick=\"return false;\" target=\"_self\" rel=\"noopener noreferrer\"><span class=\"uagb-modal-content-wrapper\"><span class=\"uagb-inline-editing\">UTILISATION DE L&rsquo;IA<\/span><\/span><\/a><\/div><div class=\"uagb-effect-default uagb-modal-popup uagb-block-eed404a9 uagb-modal-type-undefined\"><div class=\"uagb-modal-popup-wrap\"><div class=\"uagb-modal-popup-content\">\n<div class=\"wp-block-uagb-info-box uagb-block-ea9cb894 uagb-infobox__content-wrap  uagb-infobox-icon-above-title uagb-infobox-image-valign-top\"><div class=\"uagb-ifb-content\"><div class=\"uagb-ifb-icon-wrap\"><svg xmlns=\"https:\/\/www.w3.org\/2000\/svg\" viewBox=\"0 0 512 512\"><path d=\"M0 256C0 114.6 114.6 0 256 0C397.4 0 512 114.6 512 256C512 397.4 397.4 512 256 512C114.6 512 0 397.4 0 256zM371.8 211.8C382.7 200.9 382.7 183.1 371.8 172.2C360.9 161.3 343.1 161.3 332.2 172.2L224 280.4L179.8 236.2C168.9 225.3 151.1 225.3 140.2 236.2C129.3 247.1 129.3 264.9 140.2 275.8L204.2 339.8C215.1 350.7 232.9 350.7 243.8 339.8L371.8 211.8z\"><\/path><\/svg><\/div><div class=\"uagb-ifb-title-wrap\"><h3 class=\"uagb-ifb-title\">Engage Your Visitors!<\/h3><\/div><p class=\"uagb-ifb-desc\">Ce contenu a \u00e9t\u00e9 r\u00e9alis\u00e9 avec l\u2019aide de l\u2019intelligence artificielle, notamment pour la correction, la recherche d\u2019id\u00e9es et certains \u00e9l\u00e9ments visuels.<br><br><a href=\"https:\/\/chatgpt.com\/share\/69dee2ff-9594-83ea-9e7f-ac6a00bd66a4\">https:\/\/chatgpt.com\/share\/69dee2ff-9594-83ea-9e7f-ac6a00bd66a4<\/a><\/p><div class=\"uagb-ifb-button-wrapper wp-block-button\"><a href=\"#\" class=\"uagb-infobox-cta-link wp-block-button__link\" target=\"_self\" rel=\"noopener noreferrer\" onclick=\"return false;\"><span class=\"uagb-inline-editing\">Call To Action<\/span><\/a><\/div><\/div><\/div>\n<\/div><button class=\"uagb-modal-popup-close\" aria-label=\"Close Modal\"><svg xmlns=\"https:\/\/www.w3.org\/2000\/svg\" viewBox=\"0 0 320 512\"><path d=\"M310.6 361.4c12.5 12.5 12.5 32.75 0 45.25C304.4 412.9 296.2 416 288 416s-16.38-3.125-22.62-9.375L160 301.3L54.63 406.6C48.38 412.9 40.19 416 32 416S15.63 412.9 9.375 406.6c-12.5-12.5-12.5-32.75 0-45.25l105.4-105.4L9.375 150.6c-12.5-12.5-12.5-32.75 0-45.25s32.75-12.5 45.25 0L160 210.8l105.4-105.4c12.5-12.5 32.75-12.5 45.25 0s12.5 32.75 0 45.25l-105.4 105.4L310.6 361.4z\"><\/path><\/svg><\/button><\/div><\/div><\/div>\n\n\n\n<div style=\"height:60px\" aria-hidden=\"true\" class=\"wp-block-spacer\"><\/div>\n\n\n\n<p class=\"has-text-align-left animated slideInLeft o-anim-offset-0px has-ast-global-color-2-color has-text-color has-link-color wp-elements-0eeddb743325f4dc7a134cd9970221a9\" style=\"font-size:24px\"><br><\/p>\n","protected":false},"excerpt":{"rendered":"<p>Ce que nous proposons Mod\u00e9lisation 3D La mod\u00e9lisation 3D consiste \u00e0 cr\u00e9er des objets, des environnements ou des produits en [&hellip;]<\/p>\n","protected":false},"author":1,"featured_media":0,"parent":0,"menu_order":0,"comment_status":"closed","ping_status":"closed","template":"","meta":{"_uag_custom_page_level_css":"","site-sidebar-layout":"default","site-content-layout":"","ast-site-content-layout":"default","site-content-style":"default","site-sidebar-style":"default","ast-global-header-display":"","ast-banner-title-visibility":"","ast-main-header-display":"","ast-hfb-above-header-display":"","ast-hfb-below-header-display":"","ast-hfb-mobile-header-display":"","site-post-title":"disabled","ast-breadcrumbs-content":"","ast-featured-img":"","footer-sml-layout":"","ast-disable-related-posts":"","theme-transparent-header-meta":"","adv-header-id-meta":"","stick-header-meta":"","header-above-stick-meta":"","header-main-stick-meta":"","header-below-stick-meta":"","astra-migrate-meta-layouts":"default","ast-page-background-enabled":"default","ast-page-background-meta":{"desktop":{"background-color":"var(--ast-global-color-5)","background-image":"","background-repeat":"repeat","background-position":"center center","background-size":"auto","background-attachment":"scroll","background-type":"","background-media":"","overlay-type":"","overlay-color":"","overlay-opacity":"","overlay-gradient":""},"tablet":{"background-color":"","background-image":"","background-repeat":"repeat","background-position":"center center","background-size":"auto","background-attachment":"scroll","background-type":"","background-media":"","overlay-type":"","overlay-color":"","overlay-opacity":"","overlay-gradient":""},"mobile":{"background-color":"","background-image":"","background-repeat":"repeat","background-position":"center center","background-size":"auto","background-attachment":"scroll","background-type":"","background-media":"","overlay-type":"","overlay-color":"","overlay-opacity":"","overlay-gradient":""}},"ast-content-background-meta":{"desktop":{"background-color":"var(--ast-global-color-4)","background-image":"","background-repeat":"repeat","background-position":"center center","background-size":"auto","background-attachment":"scroll","background-type":"","background-media":"","overlay-type":"","overlay-color":"","overlay-opacity":"","overlay-gradient":""},"tablet":{"background-color":"var(--ast-global-color-4)","background-image":"","background-repeat":"repeat","background-position":"center center","background-size":"auto","background-attachment":"scroll","background-type":"","background-media":"","overlay-type":"","overlay-color":"","overlay-opacity":"","overlay-gradient":""},"mobile":{"background-color":"var(--ast-global-color-4)","background-image":"","background-repeat":"repeat","background-position":"center center","background-size":"auto","background-attachment":"scroll","background-type":"","background-media":"","overlay-type":"","overlay-color":"","overlay-opacity":"","overlay-gradient":""}},"_themeisle_gutenberg_block_has_review":false,"footnotes":""},"class_list":["post-31","page","type-page","status-publish","hentry"],"uagb_featured_image_src":{"full":false,"thumbnail":false,"medium":false,"medium_large":false,"large":false,"1536x1536":false,"2048x2048":false,"awb_sm":false,"awb_md":false,"awb_lg":false,"awb_xl":false},"uagb_author_info":{"display_name":"louis","author_link":"https:\/\/lmagnan.dectim.ca\/env_professionnel_TP2\/blogue\/author\/louis\/"},"uagb_comment_info":0,"uagb_excerpt":"Ce que nous proposons Mod\u00e9lisation 3D La mod\u00e9lisation 3D consiste \u00e0 cr\u00e9er des objets, des environnements ou des produits en [&hellip;]","_links":{"self":[{"href":"https:\/\/lmagnan.dectim.ca\/env_professionnel_TP2\/blogue\/wp-json\/wp\/v2\/pages\/31","targetHints":{"allow":["GET"]}}],"collection":[{"href":"https:\/\/lmagnan.dectim.ca\/env_professionnel_TP2\/blogue\/wp-json\/wp\/v2\/pages"}],"about":[{"href":"https:\/\/lmagnan.dectim.ca\/env_professionnel_TP2\/blogue\/wp-json\/wp\/v2\/types\/page"}],"author":[{"embeddable":true,"href":"https:\/\/lmagnan.dectim.ca\/env_professionnel_TP2\/blogue\/wp-json\/wp\/v2\/users\/1"}],"replies":[{"embeddable":true,"href":"https:\/\/lmagnan.dectim.ca\/env_professionnel_TP2\/blogue\/wp-json\/wp\/v2\/comments?post=31"}],"version-history":[{"count":155,"href":"https:\/\/lmagnan.dectim.ca\/env_professionnel_TP2\/blogue\/wp-json\/wp\/v2\/pages\/31\/revisions"}],"predecessor-version":[{"id":2224,"href":"https:\/\/lmagnan.dectim.ca\/env_professionnel_TP2\/blogue\/wp-json\/wp\/v2\/pages\/31\/revisions\/2224"}],"wp:attachment":[{"href":"https:\/\/lmagnan.dectim.ca\/env_professionnel_TP2\/blogue\/wp-json\/wp\/v2\/media?parent=31"}],"curies":[{"name":"wp","href":"https:\/\/api.w.org\/{rel}","templated":true}]}}