{"id":1080,"date":"2026-03-21T18:35:25","date_gmt":"2026-03-21T22:35:25","guid":{"rendered":"https:\/\/lmagnan.dectim.ca\/env_professionnel_TP2\/blogue\/?page_id=1080"},"modified":"2026-04-27T11:59:42","modified_gmt":"2026-04-27T15:59:42","slug":"1080-2","status":"publish","type":"page","link":"https:\/\/lmagnan.dectim.ca\/env_professionnel_TP2\/blogue\/1080-2\/","title":{"rendered":"05 &#8211; M\u00e9tier"},"content":{"rendered":"\n<div class=\"wp-block-columns is-layout-flex wp-container-core-columns-is-layout-28f84493 wp-block-columns-is-layout-flex\">\n<div class=\"wp-block-column animated slideInLeft o-anim-offset-o-anim-offset-0px is-layout-flow wp-block-column-is-layout-flow\">\n<figure class=\"wp-block-image aligncenter size-full has-custom-border\"><img loading=\"lazy\" decoding=\"async\" width=\"408\" height=\"612\" src=\"https:\/\/lmagnan.dectim.ca\/env_professionnel_TP2\/blogue\/wp-content\/uploads\/2026\/04\/Frame-60.webp\" alt=\"\" class=\"wp-image-2106\" style=\"border-top-left-radius:24px;border-top-right-radius:24px;border-bottom-left-radius:24px;border-bottom-right-radius:24px\" srcset=\"https:\/\/lmagnan.dectim.ca\/env_professionnel_TP2\/blogue\/wp-content\/uploads\/2026\/04\/Frame-60.webp 408w, https:\/\/lmagnan.dectim.ca\/env_professionnel_TP2\/blogue\/wp-content\/uploads\/2026\/04\/Frame-60-200x300.webp 200w\" sizes=\"auto, (max-width: 408px) 100vw, 408px\" \/><\/figure>\n<\/div>\n\n\n\n<div class=\"wp-block-column animated slideInRight o-anim-offset-o-anim-offset-0px is-layout-flow wp-block-column-is-layout-flow\">\n<h2 class=\"wp-block-heading\">\u00c9lizabeth Fortin<\/h2>\n\n\n\n<ul class=\"wp-block-list\">\n<li>M\u00e9tier: Graphiste<\/li>\n\n\n\n<li>R\u00f4le dans l&rsquo;\u00e9quipe: <\/li>\n<\/ul>\n\n\n\n<p>Le graphiste d\u00e9veloppe et applique l\u2019identit\u00e9 visuelle d\u2019un projet en cr\u00e9ant des \u00e9l\u00e9ments graphiques adapt\u00e9s aux besoins de communication et \u00e0 l\u2019exp\u00e9rience utilisateur.<\/p>\n<\/div>\n<\/div>\n\n\n\n<div class=\"wp-block-group alignfull is-content-justification-center is-layout-constrained wp-container-core-group-is-layout-efebdbaa wp-block-group-is-layout-constrained\" style=\"border-style:none;border-width:0px;border-top-left-radius:0px;border-top-right-radius:0px;border-bottom-left-radius:0px;border-bottom-right-radius:0px;margin-top:var(--wp--preset--spacing--60);margin-bottom:var(--wp--preset--spacing--60);padding-top:0;padding-right:var(--wp--preset--spacing--80);padding-bottom:0;padding-left:var(--wp--preset--spacing--80)\">\n<h2 class=\"wp-block-heading animated slideInLeft o-anim-offset-o-anim-offset-0px\">Description du m\u00e9tier<\/h2>\n\n\n\n<p class=\"animated slideInLeft o-anim-offset-o-anim-offset-0px delay-200ms\">Les designers graphiques con\u00e7oivent et produisent du mat\u00e9riel graphique et visuel pour communiquer efficacement des renseignements \u00e0 travers des imprim\u00e9s, de la publicit\u00e9, des films, des emballages, des affiches, des panneaux indicateurs et des produits m\u00e9dias interactifs tels que des sites Web et des disques compacts.<\/p>\n\n\n\n<p>Ils travaillent dans des entreprises de graphisme et de publicit\u00e9, des \u00e9tablissements qui ont un service de publicit\u00e9 ou de communication et des centres de production multim\u00e9dia, ou ils peuvent \u00eatre travailleurs autonomes.<\/p>\n<\/div>\n\n\n\n<div class=\"wp-block-group alignfull has-background is-layout-constrained wp-container-core-group-is-layout-10bc4538 wp-block-group-is-layout-constrained\" style=\"background-color:#212a37;padding-top:var(--wp--preset--spacing--80);padding-right:var(--wp--preset--spacing--80);padding-bottom:var(--wp--preset--spacing--80);padding-left:var(--wp--preset--spacing--80)\">\n<div class=\"wp-block-group alignfull is-layout-constrained wp-block-group-is-layout-constrained\">\n<div class=\"wp-block-columns alignfull are-vertically-aligned-center is-layout-flex wp-container-core-columns-is-layout-96cfbf2b wp-block-columns-is-layout-flex\" style=\"margin-top:var(--wp--preset--spacing--30);margin-bottom:var(--wp--preset--spacing--30)\">\n<div class=\"wp-block-column is-vertically-aligned-center is-layout-flow wp-container-core-column-is-layout-fd134cff wp-block-column-is-layout-flow\" style=\"padding-right:0;padding-left:0\">\n<figure class=\"wp-block-image alignright size-full is-resized has-custom-border animated slideInLeft o-anim-offset-o-anim-offset-0px\"><img loading=\"lazy\" decoding=\"async\" width=\"1213\" height=\"864\" src=\"https:\/\/lmagnan.dectim.ca\/env_professionnel_TP2\/blogue\/wp-content\/uploads\/2026\/04\/Gemini_Generated_Image_tc81o5tc81o5tc81.webp\" alt=\"\" class=\"wp-image-2283\" style=\"border-top-left-radius:24px;border-top-right-radius:24px;border-bottom-left-radius:24px;border-bottom-right-radius:24px;aspect-ratio:1.500982087889537;width:542px;height:auto\" srcset=\"https:\/\/lmagnan.dectim.ca\/env_professionnel_TP2\/blogue\/wp-content\/uploads\/2026\/04\/Gemini_Generated_Image_tc81o5tc81o5tc81.webp 1213w, https:\/\/lmagnan.dectim.ca\/env_professionnel_TP2\/blogue\/wp-content\/uploads\/2026\/04\/Gemini_Generated_Image_tc81o5tc81o5tc81-300x214.webp 300w, https:\/\/lmagnan.dectim.ca\/env_professionnel_TP2\/blogue\/wp-content\/uploads\/2026\/04\/Gemini_Generated_Image_tc81o5tc81o5tc81-1024x729.webp 1024w, https:\/\/lmagnan.dectim.ca\/env_professionnel_TP2\/blogue\/wp-content\/uploads\/2026\/04\/Gemini_Generated_Image_tc81o5tc81o5tc81-768x547.webp 768w, https:\/\/lmagnan.dectim.ca\/env_professionnel_TP2\/blogue\/wp-content\/uploads\/2026\/04\/Gemini_Generated_Image_tc81o5tc81o5tc81-500x356.webp 500w, https:\/\/lmagnan.dectim.ca\/env_professionnel_TP2\/blogue\/wp-content\/uploads\/2026\/04\/Gemini_Generated_Image_tc81o5tc81o5tc81-800x570.webp 800w\" sizes=\"auto, (max-width: 1213px) 100vw, 1213px\" \/><\/figure>\n<\/div>\n\n\n\n<div class=\"wp-block-column is-vertically-aligned-center is-layout-flow wp-container-core-column-is-layout-525947d0 wp-block-column-is-layout-flow\" style=\"padding-top:0;padding-right:0;padding-bottom:0;padding-left:0\">\n<h3 class=\"wp-block-heading animated slideInRight o-anim-offset-o-anim-offset-0px\">T\u00e2ches du m\u00e9tier (a changer)<\/h3>\n\n\n\n<ul class=\"wp-block-list animated slideInRight o-anim-offset-o-anim-offset-0px\">\n<li>Mod\u00e9liser des environnements 3D (b\u00e2timents, paysages, objets)<\/li>\n\n\n\n<li>Concevoir des visuels (logos, interfaces, affiches, illustrations)<\/li>\n\n\n\n<li>D\u00e9velopper des maquettes graphiques et des prototypes<\/li>\n\n\n\n<li>Adapter les visuels aux diff\u00e9rents supports (web, mobile, imprim\u00e9)<\/li>\n\n\n\n<li>Corriger et ajuster les \u00e9l\u00e9ments graphiques selon les retours<\/li>\n<\/ul>\n<\/div>\n<\/div>\n\n\n\n<div class=\"wp-block-columns is-layout-flex wp-container-core-columns-is-layout-ef06f3fc wp-block-columns-is-layout-flex\">\n<div class=\"wp-block-column is-vertically-aligned-center is-layout-flow wp-block-column-is-layout-flow\">\n<h3 class=\"wp-block-heading animated slideInLeft o-anim-offset-o-anim-offset-0px\">Comp\u00e9tences cl\u00e9s requises (a changer)<\/h3>\n\n\n\n<ul class=\"wp-block-list animated slideInLeft o-anim-offset-o-anim-offset-0px\">\n<li>Ma\u00eetrise des logiciels de design (Photoshop, Illustrator, InDesign, Figma)<\/li>\n\n\n\n<li>Sens artistique et cr\u00e9ativit\u00e9 visuelle<\/li>\n\n\n\n<li>Connaissance des principes de typographie et de composition<\/li>\n\n\n\n<li>Compr\u00e9hension de l\u2019UX\/UI et du design num\u00e9rique<\/li>\n<\/ul>\n<\/div>\n\n\n\n<div class=\"wp-block-column is-vertically-aligned-center is-layout-flow wp-block-column-is-layout-flow\">\n<figure class=\"wp-block-image size-large has-custom-border animated slideInRight o-anim-offset-o-anim-offset-0px\"><img loading=\"lazy\" decoding=\"async\" width=\"1024\" height=\"539\" src=\"https:\/\/lmagnan.dectim.ca\/env_professionnel_TP2\/blogue\/wp-content\/uploads\/2026\/03\/piro4d-puzzle-1713170_1920-1024x539.jpg\" alt=\"\" class=\"wp-image-1085\" style=\"border-top-left-radius:24px;border-top-right-radius:24px;border-bottom-left-radius:24px;border-bottom-right-radius:24px\" srcset=\"https:\/\/lmagnan.dectim.ca\/env_professionnel_TP2\/blogue\/wp-content\/uploads\/2026\/03\/piro4d-puzzle-1713170_1920-1024x539.jpg 1024w, https:\/\/lmagnan.dectim.ca\/env_professionnel_TP2\/blogue\/wp-content\/uploads\/2026\/03\/piro4d-puzzle-1713170_1920-300x158.jpg 300w, https:\/\/lmagnan.dectim.ca\/env_professionnel_TP2\/blogue\/wp-content\/uploads\/2026\/03\/piro4d-puzzle-1713170_1920-768x404.jpg 768w, https:\/\/lmagnan.dectim.ca\/env_professionnel_TP2\/blogue\/wp-content\/uploads\/2026\/03\/piro4d-puzzle-1713170_1920-1536x809.jpg 1536w, https:\/\/lmagnan.dectim.ca\/env_professionnel_TP2\/blogue\/wp-content\/uploads\/2026\/03\/piro4d-puzzle-1713170_1920-500x263.jpg 500w, https:\/\/lmagnan.dectim.ca\/env_professionnel_TP2\/blogue\/wp-content\/uploads\/2026\/03\/piro4d-puzzle-1713170_1920-800x421.jpg 800w, https:\/\/lmagnan.dectim.ca\/env_professionnel_TP2\/blogue\/wp-content\/uploads\/2026\/03\/piro4d-puzzle-1713170_1920-1280x674.jpg 1280w, https:\/\/lmagnan.dectim.ca\/env_professionnel_TP2\/blogue\/wp-content\/uploads\/2026\/03\/piro4d-puzzle-1713170_1920.jpg 1920w\" sizes=\"auto, (max-width: 1024px) 100vw, 1024px\" \/><\/figure>\n<\/div>\n<\/div>\n<\/div>\n<\/div>\n\n\n\n<div class=\"wp-block-group alignfull is-layout-constrained wp-container-core-group-is-layout-fab22c63 wp-block-group-is-layout-constrained\" style=\"margin-top:var(--wp--preset--spacing--50);margin-bottom:var(--wp--preset--spacing--50);padding-top:var(--wp--preset--spacing--80);padding-right:var(--wp--preset--spacing--80);padding-bottom:var(--wp--preset--spacing--80);padding-left:var(--wp--preset--spacing--80)\">\n<h2 class=\"wp-block-heading has-text-align-left animated slideInLeft o-anim-offset-o-anim-offset-0px\">Environnement de travail<\/h2>\n\n\n\n<div class=\"wp-block-columns is-layout-flex wp-container-core-columns-is-layout-28f84493 wp-block-columns-is-layout-flex\">\n<div class=\"wp-block-column is-layout-flow wp-block-column-is-layout-flow\">\n<div class=\"wp-block-columns is-layout-flex wp-container-core-columns-is-layout-28f84493 wp-block-columns-is-layout-flex\">\n<div class=\"wp-block-column is-layout-flow wp-block-column-is-layout-flow\">\n<div class=\"wp-block-group ma-colonne-hover animated zoomIn delay-100ms o-anim-offset-o-anim-offset-0px has-border-color has-ast-global-color-1-border-color is-vertical is-content-justification-center is-layout-flex wp-container-core-group-is-layout-58920785 wp-block-group-is-layout-flex\" style=\"border-width:2px;border-top-left-radius:24px;border-top-right-radius:24px;border-bottom-left-radius:24px;border-bottom-right-radius:24px;padding-top:var(--wp--preset--spacing--30);padding-right:var(--wp--preset--spacing--50);padding-bottom:var(--wp--preset--spacing--30);padding-left:var(--wp--preset--spacing--50)\">\n<div id=\"wp-block-themeisle-blocks-font-awesome-icons-43d8fd15\" class=\"wp-block-themeisle-blocks-font-awesome-icons\"><span class=\"wp-block-themeisle-blocks-font-awesome-icons-container\"><i class=\"fas fa-newspaper\"><\/i><\/span><\/div>\n\n\n\n<p class=\"has-text-align-center\"><strong>Agences de design ou de publicit\u00e9<\/strong><\/p>\n<\/div>\n<\/div>\n\n\n\n<div class=\"wp-block-column is-layout-flow wp-block-column-is-layout-flow\">\n<div class=\"wp-block-group ma-colonne-hover animated zoomIn delay-100ms o-anim-offset-o-anim-offset-0px has-border-color has-ast-global-color-1-border-color is-vertical is-content-justification-center is-layout-flex wp-container-core-group-is-layout-b3bf4590 wp-block-group-is-layout-flex\" style=\"border-width:2px;border-top-left-radius:24px;border-top-right-radius:24px;border-bottom-left-radius:24px;border-bottom-right-radius:24px;padding-top:var(--wp--preset--spacing--30);padding-right:var(--wp--preset--spacing--50);padding-bottom:var(--wp--preset--spacing--30);padding-left:var(--wp--preset--spacing--50)\">\n<div id=\"wp-block-themeisle-blocks-font-awesome-icons-33fc0556\" class=\"wp-block-themeisle-blocks-font-awesome-icons\"><span class=\"wp-block-themeisle-blocks-font-awesome-icons-container\"><i class=\"fas fa-money-bill\"><\/i><\/span><\/div>\n\n\n\n<p class=\"has-text-align-center\"><strong>Entreprises de communication ou marketing<\/strong><\/p>\n<\/div>\n<\/div>\n<\/div>\n\n\n\n<div class=\"wp-block-columns is-layout-flex wp-container-core-columns-is-layout-28f84493 wp-block-columns-is-layout-flex\">\n<div class=\"wp-block-column is-layout-flow wp-block-column-is-layout-flow\">\n<div class=\"wp-block-group ma-colonne-hover animated zoomIn delay-100ms o-anim-offset-o-anim-offset-0px has-border-color has-ast-global-color-1-border-color is-vertical is-content-justification-center is-layout-flex wp-container-core-group-is-layout-e795610d wp-block-group-is-layout-flex\" style=\"border-width:2px;border-top-left-radius:24px;border-top-right-radius:24px;border-bottom-left-radius:24px;border-bottom-right-radius:24px;padding-top:0;padding-right:var(--wp--preset--spacing--50);padding-bottom:0;padding-left:var(--wp--preset--spacing--50)\">\n<div id=\"wp-block-themeisle-blocks-font-awesome-icons-11ac2a13\" class=\"wp-block-themeisle-blocks-font-awesome-icons\"><span class=\"wp-block-themeisle-blocks-font-awesome-icons-container\"><i class=\"fas fa-child\"><\/i><\/span><\/div>\n\n\n\n<p class=\"has-text-align-center wp-container-content-0892b529\"><strong>Studios d\u2019animation ou de production audiovisuelle<\/strong><\/p>\n<\/div>\n<\/div>\n\n\n\n<div class=\"wp-block-column is-layout-flow wp-block-column-is-layout-flow\">\n<div class=\"wp-block-group ma-colonne-hover animated zoomIn delay-100ms o-anim-offset-o-anim-offset-0px has-border-color is-vertical is-content-justification-center is-layout-flex wp-container-core-group-is-layout-e795610d wp-block-group-is-layout-flex\" style=\"border-color:var(--ast-global-color-1);border-width:2px;border-top-left-radius:24px;border-top-right-radius:24px;border-bottom-left-radius:24px;border-bottom-right-radius:24px;padding-top:0;padding-right:var(--wp--preset--spacing--50);padding-bottom:0;padding-left:var(--wp--preset--spacing--50)\">\n<div id=\"wp-block-themeisle-blocks-font-awesome-icons-4b21af5c\" class=\"wp-block-themeisle-blocks-font-awesome-icons\"><span class=\"wp-block-themeisle-blocks-font-awesome-icons-container\"><i class=\"far fa-building\"><\/i><\/span><\/div>\n\n\n\n<p class=\"has-text-align-center wp-container-content-0892b529\"><strong>Travail en studio<\/strong><\/p>\n<\/div>\n<\/div>\n<\/div>\n<\/div>\n<\/div>\n\n\n\n<div class=\"wp-block-group is-content-justification-center is-nowrap is-layout-flex wp-container-core-group-is-layout-fc3d1aa8 wp-block-group-is-layout-flex\" style=\"border-style:none;border-width:0px;border-top-left-radius:24px;border-top-right-radius:24px;border-bottom-left-radius:24px;border-bottom-right-radius:24px;padding-top:var(--wp--preset--spacing--40);padding-right:var(--wp--preset--spacing--80);padding-bottom:var(--wp--preset--spacing--40);padding-left:var(--wp--preset--spacing--80)\"><\/div>\n<\/div>\n\n\n\n<div class=\"wp-block-group alignfull has-background is-layout-constrained wp-container-core-group-is-layout-0588d379 wp-block-group-is-layout-constrained\" style=\"background-color:#212a37;margin-top:var(--wp--preset--spacing--60);margin-bottom:var(--wp--preset--spacing--60);padding-top:var(--wp--preset--spacing--80);padding-right:var(--wp--preset--spacing--80);padding-bottom:var(--wp--preset--spacing--80);padding-left:var(--wp--preset--spacing--80)\">\n<div class=\"wp-block-group is-layout-constrained wp-block-group-is-layout-constrained\">\n<div class=\"wp-block-columns is-layout-flex wp-container-core-columns-is-layout-ef06f3fc wp-block-columns-is-layout-flex\">\n<div class=\"wp-block-column is-vertically-aligned-center animated slideInLeft o-anim-offset-o-anim-offset-0px is-layout-flow wp-container-core-column-is-layout-119bc444 wp-block-column-is-layout-flow\">\n<h3 class=\"wp-block-heading has-text-align-left animated slideInLeft o-anim-offset-o-anim-offset-0px\">Formations requises<\/h3>\n\n\n\n<p class=\"has-medium-font-size\">DEC en design graphique ou int\u00e9gration multim\u00e9dia<br><br>Baccalaur\u00e9at en design ou communication visuelle<\/p>\n\n\n\n<p class=\"has-medium-font-size\">Portfolio d\u00e9montrant des comp\u00e9tences en design visuel<br><br>Exp\u00e9rience pratique en production graphique<\/p>\n\n\n\n<h3 class=\"wp-block-heading\">Salaires<\/h3>\n\n\n\n<p class=\"has-large-font-size\">64 480$ par an<\/p>\n<\/div>\n\n\n\n<div class=\"wp-block-column is-vertically-aligned-center is-layout-flow wp-block-column-is-layout-flow\">\n<figure class=\"wp-block-image size-large has-custom-border animated slideInRight o-anim-offset-o-anim-offset-0px\"><img loading=\"lazy\" decoding=\"async\" width=\"1024\" height=\"731\" src=\"https:\/\/lmagnan.dectim.ca\/env_professionnel_TP2\/blogue\/wp-content\/uploads\/2026\/03\/580-1024x731.jpg\" alt=\"\" class=\"wp-image-1349\" style=\"border-top-left-radius:24px;border-top-right-radius:24px;border-bottom-left-radius:24px;border-bottom-right-radius:24px\" srcset=\"https:\/\/lmagnan.dectim.ca\/env_professionnel_TP2\/blogue\/wp-content\/uploads\/2026\/03\/580-1024x731.jpg 1024w, https:\/\/lmagnan.dectim.ca\/env_professionnel_TP2\/blogue\/wp-content\/uploads\/2026\/03\/580-300x214.jpg 300w, https:\/\/lmagnan.dectim.ca\/env_professionnel_TP2\/blogue\/wp-content\/uploads\/2026\/03\/580-768x549.jpg 768w, https:\/\/lmagnan.dectim.ca\/env_professionnel_TP2\/blogue\/wp-content\/uploads\/2026\/03\/580-1536x1097.jpg 1536w, https:\/\/lmagnan.dectim.ca\/env_professionnel_TP2\/blogue\/wp-content\/uploads\/2026\/03\/580-2048x1463.jpg 2048w, https:\/\/lmagnan.dectim.ca\/env_professionnel_TP2\/blogue\/wp-content\/uploads\/2026\/03\/580-500x357.jpg 500w, https:\/\/lmagnan.dectim.ca\/env_professionnel_TP2\/blogue\/wp-content\/uploads\/2026\/03\/580-800x571.jpg 800w, https:\/\/lmagnan.dectim.ca\/env_professionnel_TP2\/blogue\/wp-content\/uploads\/2026\/03\/580-1280x914.jpg 1280w, https:\/\/lmagnan.dectim.ca\/env_professionnel_TP2\/blogue\/wp-content\/uploads\/2026\/03\/580-1920x1371.jpg 1920w\" sizes=\"auto, (max-width: 1024px) 100vw, 1024px\" \/><\/figure>\n<\/div>\n<\/div>\n<\/div>\n\n\n\n<h3 class=\"wp-block-heading animated slideInLeft o-anim-offset-o-anim-offset-0px\">Perspectives<\/h3>\n\n\n\n<p class=\"animated slideInLeft o-anim-offset-o-anim-offset-0px has-medium-font-size\">\u00c9volution vers des postes de directeur artistique ou d\u2019UX designer.<\/p>\n\n\n\n<p class=\"animated slideInLeft o-anim-offset-o-anim-offset-0px has-medium-font-size\">Demande constante dans le marketing, le num\u00e9rique et le multim\u00e9dia.<\/p>\n<\/div>\n\n\n\n<hr class=\"wp-block-separator has-text-color has-ast-global-color-2-color has-alpha-channel-opacity has-ast-global-color-2-background-color has-background is-style-wide\"\/>\n\n\n\n<div style=\"height:60px\" aria-hidden=\"true\" class=\"wp-block-spacer\"><\/div>\n\n\n\n<div class=\"wp-block-uagb-modal uagb-block-eed404a9 uagb-modal-wrapper animated slideInLeft o-anim-offset-o-anim-offset-0px\" data-escpress=\"enable\" data-overlayclick=\"disable\"><div class=\"uagb-spectra-button-wrapper wp-block-button\"><a class=\"uagb-modal-button-link wp-block-button__link uagb-modal-trigger\" href=\"#\" onclick=\"return false;\" target=\"_self\" rel=\"noopener noreferrer\"><span class=\"uagb-modal-content-wrapper\"><span class=\"uagb-inline-editing\">Utilisation de l&rsquo;IA<\/span><\/span><\/a><\/div><div class=\"uagb-effect-default uagb-modal-popup uagb-block-eed404a9 uagb-modal-type-undefined\"><div class=\"uagb-modal-popup-wrap\"><div class=\"uagb-modal-popup-content\">\n<div class=\"wp-block-uagb-info-box uagb-block-ea9cb894 uagb-infobox__content-wrap  uagb-infobox-icon-above-title uagb-infobox-image-valign-top\"><div class=\"uagb-ifb-content\"><div class=\"uagb-ifb-icon-wrap\"><svg xmlns=\"https:\/\/www.w3.org\/2000\/svg\" viewBox=\"0 0 512 512\"><path d=\"M0 256C0 114.6 114.6 0 256 0C397.4 0 512 114.6 512 256C512 397.4 397.4 512 256 512C114.6 512 0 397.4 0 256zM371.8 211.8C382.7 200.9 382.7 183.1 371.8 172.2C360.9 161.3 343.1 161.3 332.2 172.2L224 280.4L179.8 236.2C168.9 225.3 151.1 225.3 140.2 236.2C129.3 247.1 129.3 264.9 140.2 275.8L204.2 339.8C215.1 350.7 232.9 350.7 243.8 339.8L371.8 211.8z\"><\/path><\/svg><\/div><div class=\"uagb-ifb-title-wrap\"><h3 class=\"uagb-ifb-title\">Engage Your Visitors!<\/h3><\/div><p class=\"uagb-ifb-desc\">Ce contenu a \u00e9t\u00e9 r\u00e9alis\u00e9 avec l\u2019aide de l\u2019intelligence artificielle, notamment pour la correction, la recherche d\u2019id\u00e9es et certains \u00e9l\u00e9ments visuels.<br><br><a href=\"https:\/\/chatgpt.com\/share\/69ded143-de88-83ea-bead-9bb2d0d65887\">https:\/\/chatgpt.com\/share\/69ded143-de88-83ea-bead-9bb2d0d65887<\/a><\/p><div class=\"uagb-ifb-button-wrapper wp-block-button\"><a href=\"#\" class=\"uagb-infobox-cta-link wp-block-button__link\" target=\"_self\" rel=\"noopener noreferrer\" onclick=\"return false;\"><span class=\"uagb-inline-editing\">Call To Action<\/span><\/a><\/div><\/div><\/div>\n<\/div><button class=\"uagb-modal-popup-close\" aria-label=\"Close Modal\"><svg xmlns=\"https:\/\/www.w3.org\/2000\/svg\" viewBox=\"0 0 320 512\"><path d=\"M310.6 361.4c12.5 12.5 12.5 32.75 0 45.25C304.4 412.9 296.2 416 288 416s-16.38-3.125-22.62-9.375L160 301.3L54.63 406.6C48.38 412.9 40.19 416 32 416S15.63 412.9 9.375 406.6c-12.5-12.5-12.5-32.75 0-45.25l105.4-105.4L9.375 150.6c-12.5-12.5-12.5-32.75 0-45.25s32.75-12.5 45.25 0L160 210.8l105.4-105.4c12.5-12.5 32.75-12.5 45.25 0s12.5 32.75 0 45.25l-105.4 105.4L310.6 361.4z\"><\/path><\/svg><\/button><\/div><\/div><\/div>\n\n\n\n<div style=\"height:60px\" aria-hidden=\"true\" class=\"wp-block-spacer\"><\/div>\n","protected":false},"excerpt":{"rendered":"<p>\u00c9lizabeth Fortin Le graphiste d\u00e9veloppe et applique l\u2019identit\u00e9 visuelle d\u2019un projet en cr\u00e9ant des \u00e9l\u00e9ments graphiques adapt\u00e9s aux besoins de [&hellip;]<\/p>\n","protected":false},"author":4,"featured_media":0,"parent":0,"menu_order":0,"comment_status":"closed","ping_status":"closed","template":"","meta":{"_uag_custom_page_level_css":"","site-sidebar-layout":"default","site-content-layout":"","ast-site-content-layout":"default","site-content-style":"default","site-sidebar-style":"default","ast-global-header-display":"","ast-banner-title-visibility":"","ast-main-header-display":"","ast-hfb-above-header-display":"","ast-hfb-below-header-display":"","ast-hfb-mobile-header-display":"","site-post-title":"disabled","ast-breadcrumbs-content":"","ast-featured-img":"","footer-sml-layout":"","ast-disable-related-posts":"","theme-transparent-header-meta":"","adv-header-id-meta":"","stick-header-meta":"","header-above-stick-meta":"","header-main-stick-meta":"","header-below-stick-meta":"","astra-migrate-meta-layouts":"default","ast-page-background-enabled":"default","ast-page-background-meta":{"desktop":{"background-color":"var(--ast-global-color-5)","background-image":"","background-repeat":"repeat","background-position":"center center","background-size":"auto","background-attachment":"scroll","background-type":"","background-media":"","overlay-type":"","overlay-color":"","overlay-opacity":"","overlay-gradient":""},"tablet":{"background-color":"","background-image":"","background-repeat":"repeat","background-position":"center center","background-size":"auto","background-attachment":"scroll","background-type":"","background-media":"","overlay-type":"","overlay-color":"","overlay-opacity":"","overlay-gradient":""},"mobile":{"background-color":"","background-image":"","background-repeat":"repeat","background-position":"center center","background-size":"auto","background-attachment":"scroll","background-type":"","background-media":"","overlay-type":"","overlay-color":"","overlay-opacity":"","overlay-gradient":""}},"ast-content-background-meta":{"desktop":{"background-color":"var(--ast-global-color-4)","background-image":"","background-repeat":"repeat","background-position":"center center","background-size":"auto","background-attachment":"scroll","background-type":"","background-media":"","overlay-type":"","overlay-color":"","overlay-opacity":"","overlay-gradient":""},"tablet":{"background-color":"var(--ast-global-color-4)","background-image":"","background-repeat":"repeat","background-position":"center center","background-size":"auto","background-attachment":"scroll","background-type":"","background-media":"","overlay-type":"","overlay-color":"","overlay-opacity":"","overlay-gradient":""},"mobile":{"background-color":"var(--ast-global-color-4)","background-image":"","background-repeat":"repeat","background-position":"center center","background-size":"auto","background-attachment":"scroll","background-type":"","background-media":"","overlay-type":"","overlay-color":"","overlay-opacity":"","overlay-gradient":""}},"_themeisle_gutenberg_block_has_review":false,"footnotes":""},"class_list":["post-1080","page","type-page","status-publish","hentry"],"uagb_featured_image_src":{"full":false,"thumbnail":false,"medium":false,"medium_large":false,"large":false,"1536x1536":false,"2048x2048":false,"awb_sm":false,"awb_md":false,"awb_lg":false,"awb_xl":false},"uagb_author_info":{"display_name":"Charles Bilodeau","author_link":"https:\/\/lmagnan.dectim.ca\/env_professionnel_TP2\/blogue\/author\/charles\/"},"uagb_comment_info":0,"uagb_excerpt":"\u00c9lizabeth Fortin Le graphiste d\u00e9veloppe et applique l\u2019identit\u00e9 visuelle d\u2019un projet en cr\u00e9ant des \u00e9l\u00e9ments graphiques adapt\u00e9s aux besoins de [&hellip;]","_links":{"self":[{"href":"https:\/\/lmagnan.dectim.ca\/env_professionnel_TP2\/blogue\/wp-json\/wp\/v2\/pages\/1080","targetHints":{"allow":["GET"]}}],"collection":[{"href":"https:\/\/lmagnan.dectim.ca\/env_professionnel_TP2\/blogue\/wp-json\/wp\/v2\/pages"}],"about":[{"href":"https:\/\/lmagnan.dectim.ca\/env_professionnel_TP2\/blogue\/wp-json\/wp\/v2\/types\/page"}],"author":[{"embeddable":true,"href":"https:\/\/lmagnan.dectim.ca\/env_professionnel_TP2\/blogue\/wp-json\/wp\/v2\/users\/4"}],"replies":[{"embeddable":true,"href":"https:\/\/lmagnan.dectim.ca\/env_professionnel_TP2\/blogue\/wp-json\/wp\/v2\/comments?post=1080"}],"version-history":[{"count":27,"href":"https:\/\/lmagnan.dectim.ca\/env_professionnel_TP2\/blogue\/wp-json\/wp\/v2\/pages\/1080\/revisions"}],"predecessor-version":[{"id":2284,"href":"https:\/\/lmagnan.dectim.ca\/env_professionnel_TP2\/blogue\/wp-json\/wp\/v2\/pages\/1080\/revisions\/2284"}],"wp:attachment":[{"href":"https:\/\/lmagnan.dectim.ca\/env_professionnel_TP2\/blogue\/wp-json\/wp\/v2\/media?parent=1080"}],"curies":[{"name":"wp","href":"https:\/\/api.w.org\/{rel}","templated":true}]}}