{"id":1078,"date":"2026-03-21T18:35:18","date_gmt":"2026-03-21T22:35:18","guid":{"rendered":"https:\/\/lmagnan.dectim.ca\/env_professionnel_TP2\/blogue\/?page_id=1078"},"modified":"2026-04-24T15:25:56","modified_gmt":"2026-04-24T19:25:56","slug":"1078-2","status":"publish","type":"page","link":"https:\/\/lmagnan.dectim.ca\/env_professionnel_TP2\/blogue\/1078-2\/","title":{"rendered":"08 &#8211; M\u00e9tier"},"content":{"rendered":"\n<div class=\"wp-block-columns is-layout-flex wp-container-core-columns-is-layout-28f84493 wp-block-columns-is-layout-flex\">\n<div class=\"wp-block-column animated slideInLeft o-anim-offset-o-anim-offset-0px is-layout-flow wp-block-column-is-layout-flow\">\n<figure class=\"wp-block-image aligncenter size-full has-custom-border\"><img loading=\"lazy\" decoding=\"async\" width=\"408\" height=\"612\" src=\"https:\/\/lmagnan.dectim.ca\/env_professionnel_TP2\/blogue\/wp-content\/uploads\/2026\/03\/Frame-63.png\" alt=\"\" class=\"wp-image-886\" style=\"border-top-left-radius:24px;border-top-right-radius:24px;border-bottom-left-radius:24px;border-bottom-right-radius:24px\" srcset=\"https:\/\/lmagnan.dectim.ca\/env_professionnel_TP2\/blogue\/wp-content\/uploads\/2026\/03\/Frame-63.png 408w, https:\/\/lmagnan.dectim.ca\/env_professionnel_TP2\/blogue\/wp-content\/uploads\/2026\/03\/Frame-63-200x300.png 200w\" sizes=\"auto, (max-width: 408px) 100vw, 408px\" \/><\/figure>\n<\/div>\n\n\n\n<div class=\"wp-block-column animated slideInRight o-anim-offset-o-anim-offset-0px is-layout-flow wp-block-column-is-layout-flow\">\n<h2 class=\"wp-block-heading\">Antoine Gagnon<\/h2>\n\n\n\n<ul class=\"wp-block-list\">\n<li>M\u00e9tier: Artiste de rendu<\/li>\n\n\n\n<li>R\u00f4le dans l&rsquo;\u00e9quipe: <\/li>\n<\/ul>\n\n\n\n<p>L\u2019artiste de rendu transforme une sc\u00e8ne 3D technique en une image ou une s\u00e9quence visuelle finale, pr\u00eate \u00e0 \u00eatre utilis\u00e9e dans un jeu vid\u00e9o, un film d\u2019animation, une publicit\u00e9 ou une visualisation architecturale.<\/p>\n<\/div>\n<\/div>\n\n\n\n<div class=\"wp-block-group alignfull is-content-justification-center is-layout-constrained wp-container-core-group-is-layout-efebdbaa wp-block-group-is-layout-constrained\" style=\"border-style:none;border-width:0px;border-top-left-radius:0px;border-top-right-radius:0px;border-bottom-left-radius:0px;border-bottom-right-radius:0px;margin-top:var(--wp--preset--spacing--60);margin-bottom:var(--wp--preset--spacing--60);padding-top:0;padding-right:var(--wp--preset--spacing--80);padding-bottom:0;padding-left:var(--wp--preset--spacing--80)\">\n<h2 class=\"wp-block-heading animated slideInLeft o-anim-offset-o-anim-offset-0px\">Description du m\u00e9tier<\/h2>\n\n\n\n<p class=\"animated slideInLeft o-anim-offset-o-anim-offset-0px delay-200ms has-medium-font-size\">L\u2019artiste de rendu est responsable de produire les images finales d\u2019une sc\u00e8ne 3D en utilisant des moteurs de rendu et des techniques d\u2019\u00e9clairage. Son r\u00f4le consiste \u00e0 transformer les mod\u00e8les, textures et animations en images ou vid\u00e9os r\u00e9alistes ou stylis\u00e9es.<\/p>\n\n\n\n<p class=\"animated slideInLeft delay-200ms o-anim-offset-o-anim-offset-0px has-medium-font-size\">Il ajuste les param\u00e8tres de lumi\u00e8re, d\u2019ombres, de mat\u00e9riaux et de cam\u00e9ra afin d\u2019obtenir un rendu visuel de haute qualit\u00e9 conforme \u00e0 la direction artistique du projet. Les artistes de rendu sont souvent impliqu\u00e9s dans la visualisation de jeux vid\u00e9o, d\u2019environnements virtuels, de produits ou de projets architecturaux.<\/p>\n<\/div>\n\n\n\n<div class=\"wp-block-group alignfull has-background is-layout-constrained wp-container-core-group-is-layout-10bc4538 wp-block-group-is-layout-constrained\" style=\"background-color:#212a37;padding-top:var(--wp--preset--spacing--80);padding-right:var(--wp--preset--spacing--80);padding-bottom:var(--wp--preset--spacing--80);padding-left:var(--wp--preset--spacing--80)\">\n<div class=\"wp-block-group alignfull is-layout-constrained wp-block-group-is-layout-constrained\">\n<div class=\"wp-block-columns alignfull are-vertically-aligned-center is-layout-flex wp-container-core-columns-is-layout-96cfbf2b wp-block-columns-is-layout-flex\" style=\"margin-top:var(--wp--preset--spacing--30);margin-bottom:var(--wp--preset--spacing--30)\">\n<div class=\"wp-block-column is-vertically-aligned-center is-layout-flow wp-container-core-column-is-layout-fd134cff wp-block-column-is-layout-flow\" style=\"padding-right:0;padding-left:0\">\n<figure class=\"wp-block-image alignright size-full is-resized has-custom-border animated slideInLeft o-anim-offset-o-anim-offset-0px\"><img loading=\"lazy\" decoding=\"async\" width=\"800\" height=\"533\" src=\"https:\/\/lmagnan.dectim.ca\/env_professionnel_TP2\/blogue\/wp-content\/uploads\/2026\/03\/image-1-1.jpg\" alt=\"\" class=\"wp-image-582\" style=\"border-top-left-radius:24px;border-top-right-radius:24px;border-bottom-left-radius:24px;border-bottom-right-radius:24px;aspect-ratio:1.500982087889537;width:542px;height:auto\" srcset=\"https:\/\/lmagnan.dectim.ca\/env_professionnel_TP2\/blogue\/wp-content\/uploads\/2026\/03\/image-1-1.jpg 800w, https:\/\/lmagnan.dectim.ca\/env_professionnel_TP2\/blogue\/wp-content\/uploads\/2026\/03\/image-1-1-300x200.jpg 300w, https:\/\/lmagnan.dectim.ca\/env_professionnel_TP2\/blogue\/wp-content\/uploads\/2026\/03\/image-1-1-768x512.jpg 768w, https:\/\/lmagnan.dectim.ca\/env_professionnel_TP2\/blogue\/wp-content\/uploads\/2026\/03\/image-1-1-500x333.jpg 500w\" sizes=\"auto, (max-width: 800px) 100vw, 800px\" \/><\/figure>\n<\/div>\n\n\n\n<div class=\"wp-block-column is-vertically-aligned-center is-layout-flow wp-container-core-column-is-layout-525947d0 wp-block-column-is-layout-flow\" style=\"padding-top:0;padding-right:0;padding-bottom:0;padding-left:0\">\n<h3 class=\"wp-block-heading animated slideInRight o-anim-offset-o-anim-offset-0px\">T\u00e2ches du m\u00e9tier<\/h3>\n\n\n\n<ul class=\"wp-block-list animated slideInRight o-anim-offset-o-anim-offset-0px\">\n<li>Configurer les param\u00e8tres de rendu dans les logiciels ou moteurs de jeu.<\/li>\n\n\n\n<li>Mettre en place et ajuster l\u2019\u00e9clairage des sc\u00e8nes 3D.<\/li>\n\n\n\n<li>Appliquer et tester les mat\u00e9riaux et les <em>shaders<\/em>.<\/li>\n\n\n\n<li>Optimiser les sc\u00e8nes afin d\u2019am\u00e9liorer les performances et le temps de rendu.<\/li>\n\n\n\n<li>Produire les images ou les s\u00e9quences finales d\u2019un projet.<\/li>\n\n\n\n<li>V\u00e9rifier et corriger les erreurs visuelles (artefacts, bruit, incoh\u00e9rences).<\/li>\n<\/ul>\n<\/div>\n<\/div>\n\n\n\n<div class=\"wp-block-columns is-layout-flex wp-container-core-columns-is-layout-ef06f3fc wp-block-columns-is-layout-flex\">\n<div class=\"wp-block-column is-vertically-aligned-center is-layout-flow wp-block-column-is-layout-flow\">\n<h3 class=\"wp-block-heading animated slideInLeft o-anim-offset-o-anim-offset-0px\">Comp\u00e9tences cl\u00e9s requises<\/h3>\n\n\n\n<ul class=\"wp-block-list animated slideInLeft o-anim-offset-o-anim-offset-0px\">\n<li>Ma\u00eetrise de moteurs de rendu comme Arnold, V-Ray, Cycles, Blender et Unreal Engine, etc.<\/li>\n\n\n\n<li>Bonne compr\u00e9hension de l\u2019\u00e9clairage, des ombres et de la composition visuelle.<\/li>\n\n\n\n<li>Connaissance des mat\u00e9riaux et des shaders.<\/li>\n\n\n\n<li>Capacit\u00e9 \u00e0 optimiser les sc\u00e8nes pour r\u00e9duire les temps de rendu.<\/li>\n\n\n\n<li>Sens artistique et souci du d\u00e9tail.<\/li>\n\n\n\n<li>Capacit\u00e9 \u00e0 travailler sous des d\u00e9lais serr\u00e9s.<\/li>\n<\/ul>\n<\/div>\n\n\n\n<div class=\"wp-block-column is-vertically-aligned-center is-layout-flow wp-block-column-is-layout-flow\">\n<figure class=\"wp-block-image size-large has-custom-border animated slideInRight o-anim-offset-o-anim-offset-0px\"><img loading=\"lazy\" decoding=\"async\" width=\"1024\" height=\"656\" src=\"https:\/\/lmagnan.dectim.ca\/env_professionnel_TP2\/blogue\/wp-content\/uploads\/2026\/03\/image-4-1024x656.png\" alt=\"\" class=\"wp-image-928\" style=\"border-top-left-radius:24px;border-top-right-radius:24px;border-bottom-left-radius:24px;border-bottom-right-radius:24px\" srcset=\"https:\/\/lmagnan.dectim.ca\/env_professionnel_TP2\/blogue\/wp-content\/uploads\/2026\/03\/image-4-1024x656.png 1024w, https:\/\/lmagnan.dectim.ca\/env_professionnel_TP2\/blogue\/wp-content\/uploads\/2026\/03\/image-4-300x192.png 300w, https:\/\/lmagnan.dectim.ca\/env_professionnel_TP2\/blogue\/wp-content\/uploads\/2026\/03\/image-4-768x492.png 768w, https:\/\/lmagnan.dectim.ca\/env_professionnel_TP2\/blogue\/wp-content\/uploads\/2026\/03\/image-4-500x320.png 500w, https:\/\/lmagnan.dectim.ca\/env_professionnel_TP2\/blogue\/wp-content\/uploads\/2026\/03\/image-4-800x513.png 800w, https:\/\/lmagnan.dectim.ca\/env_professionnel_TP2\/blogue\/wp-content\/uploads\/2026\/03\/image-4.png 1063w\" sizes=\"auto, (max-width: 1024px) 100vw, 1024px\" \/><\/figure>\n<\/div>\n<\/div>\n<\/div>\n<\/div>\n\n\n\n<div class=\"wp-block-group alignfull is-layout-constrained wp-container-core-group-is-layout-fab22c63 wp-block-group-is-layout-constrained\" style=\"margin-top:var(--wp--preset--spacing--50);margin-bottom:var(--wp--preset--spacing--50);padding-top:var(--wp--preset--spacing--80);padding-right:var(--wp--preset--spacing--80);padding-bottom:var(--wp--preset--spacing--80);padding-left:var(--wp--preset--spacing--80)\">\n<h2 class=\"wp-block-heading has-text-align-left animated slideInLeft o-anim-offset-o-anim-offset-0px\">Environnement de travail<\/h2>\n\n\n\n<div class=\"wp-block-columns is-layout-flex wp-container-core-columns-is-layout-28f84493 wp-block-columns-is-layout-flex\">\n<div class=\"wp-block-column is-layout-flow wp-block-column-is-layout-flow\">\n<div class=\"wp-block-columns is-layout-flex wp-container-core-columns-is-layout-28f84493 wp-block-columns-is-layout-flex\">\n<div class=\"wp-block-column is-layout-flow wp-block-column-is-layout-flow\">\n<div class=\"wp-block-group ma-colonne-hover animated zoomIn delay-100ms o-anim-offset-o-anim-offset-0px has-border-color has-ast-global-color-1-border-color is-vertical is-content-justification-center is-layout-flex wp-container-core-group-is-layout-58920785 wp-block-group-is-layout-flex\" style=\"border-width:2px;border-top-left-radius:24px;border-top-right-radius:24px;border-bottom-left-radius:24px;border-bottom-right-radius:24px;padding-top:var(--wp--preset--spacing--30);padding-right:var(--wp--preset--spacing--50);padding-bottom:var(--wp--preset--spacing--30);padding-left:var(--wp--preset--spacing--50)\">\n<div id=\"wp-block-themeisle-blocks-font-awesome-icons-43d8fd15\" class=\"wp-block-themeisle-blocks-font-awesome-icons\"><span class=\"wp-block-themeisle-blocks-font-awesome-icons-container\"><i class=\"fas fa-gamepad\"><\/i><\/span><\/div>\n\n\n\n<p class=\"has-text-align-center\"><strong>Studio de jeux vid\u00e9o<\/strong><\/p>\n<\/div>\n<\/div>\n\n\n\n<div class=\"wp-block-column is-layout-flow wp-block-column-is-layout-flow\">\n<div class=\"wp-block-group ma-colonne-hover animated zoomIn delay-100ms o-anim-offset-o-anim-offset-0px has-border-color has-ast-global-color-1-border-color is-vertical is-content-justification-center is-layout-flex wp-container-core-group-is-layout-b3bf4590 wp-block-group-is-layout-flex\" style=\"border-width:2px;border-top-left-radius:24px;border-top-right-radius:24px;border-bottom-left-radius:24px;border-bottom-right-radius:24px;padding-top:var(--wp--preset--spacing--30);padding-right:var(--wp--preset--spacing--50);padding-bottom:var(--wp--preset--spacing--30);padding-left:var(--wp--preset--spacing--50)\">\n<div id=\"wp-block-themeisle-blocks-font-awesome-icons-33fc0556\" class=\"wp-block-themeisle-blocks-font-awesome-icons\"><span class=\"wp-block-themeisle-blocks-font-awesome-icons-container\"><i class=\"fas fa-child\"><\/i><\/span><\/div>\n\n\n\n<p class=\"has-text-align-center\"><strong>Studios de cin\u00e9ma et d\u2019animation<\/strong><\/p>\n<\/div>\n<\/div>\n<\/div>\n\n\n\n<div class=\"wp-block-columns is-layout-flex wp-container-core-columns-is-layout-28f84493 wp-block-columns-is-layout-flex\">\n<div class=\"wp-block-column is-layout-flow wp-block-column-is-layout-flow\">\n<div class=\"wp-block-group ma-colonne-hover animated zoomIn delay-100ms o-anim-offset-o-anim-offset-0px has-border-color has-ast-global-color-1-border-color is-vertical is-content-justification-center is-layout-flex wp-container-core-group-is-layout-e795610d wp-block-group-is-layout-flex\" style=\"border-width:2px;border-top-left-radius:24px;border-top-right-radius:24px;border-bottom-left-radius:24px;border-bottom-right-radius:24px;padding-top:0;padding-right:var(--wp--preset--spacing--50);padding-bottom:0;padding-left:var(--wp--preset--spacing--50)\">\n<div id=\"wp-block-themeisle-blocks-font-awesome-icons-11ac2a13\" class=\"wp-block-themeisle-blocks-font-awesome-icons\"><span class=\"wp-block-themeisle-blocks-font-awesome-icons-container\"><i class=\"fas fa-archway\"><\/i><\/span><\/div>\n\n\n\n<p class=\"has-text-align-center wp-container-content-0892b529\"><strong>Entreprises de visualisation architecturale<\/strong><\/p>\n<\/div>\n<\/div>\n\n\n\n<div class=\"wp-block-column is-layout-flow wp-block-column-is-layout-flow\">\n<div class=\"wp-block-group ma-colonne-hover animated zoomIn delay-100ms o-anim-offset-o-anim-offset-0px has-border-color is-vertical is-content-justification-center is-layout-flex wp-container-core-group-is-layout-e795610d wp-block-group-is-layout-flex\" style=\"border-color:var(--ast-global-color-1);border-width:2px;border-top-left-radius:24px;border-top-right-radius:24px;border-bottom-left-radius:24px;border-bottom-right-radius:24px;padding-top:0;padding-right:var(--wp--preset--spacing--50);padding-bottom:0;padding-left:var(--wp--preset--spacing--50)\">\n<div id=\"wp-block-themeisle-blocks-font-awesome-icons-4b21af5c\" class=\"wp-block-themeisle-blocks-font-awesome-icons\"><span class=\"wp-block-themeisle-blocks-font-awesome-icons-container\"><i class=\"fas fa-money-bill\"><\/i><\/span><\/div>\n\n\n\n<p class=\"has-text-align-center wp-container-content-0892b529\"><strong>Agences de design et marketing<\/strong><\/p>\n<\/div>\n<\/div>\n<\/div>\n<\/div>\n<\/div>\n\n\n\n<div class=\"wp-block-group is-content-justification-center is-nowrap is-layout-flex wp-container-core-group-is-layout-fc3d1aa8 wp-block-group-is-layout-flex\" style=\"border-style:none;border-width:0px;border-top-left-radius:24px;border-top-right-radius:24px;border-bottom-left-radius:24px;border-bottom-right-radius:24px;padding-top:var(--wp--preset--spacing--40);padding-right:var(--wp--preset--spacing--80);padding-bottom:var(--wp--preset--spacing--40);padding-left:var(--wp--preset--spacing--80)\"><\/div>\n<\/div>\n\n\n\n<div class=\"wp-block-group alignfull has-background is-layout-constrained wp-container-core-group-is-layout-0588d379 wp-block-group-is-layout-constrained\" style=\"background-color:#212a37;margin-top:var(--wp--preset--spacing--60);margin-bottom:var(--wp--preset--spacing--60);padding-top:var(--wp--preset--spacing--80);padding-right:var(--wp--preset--spacing--80);padding-bottom:var(--wp--preset--spacing--80);padding-left:var(--wp--preset--spacing--80)\">\n<div class=\"wp-block-group is-layout-constrained wp-block-group-is-layout-constrained\">\n<div class=\"wp-block-columns is-layout-flex wp-container-core-columns-is-layout-ef06f3fc wp-block-columns-is-layout-flex\">\n<div class=\"wp-block-column is-vertically-aligned-center animated slideInLeft o-anim-offset-o-anim-offset-0px is-layout-flow wp-container-core-column-is-layout-119bc444 wp-block-column-is-layout-flow\">\n<h3 class=\"wp-block-heading has-text-align-left animated slideInLeft o-anim-offset-o-anim-offset-0px\">Formations requises<\/h3>\n\n\n\n<p class=\"has-medium-font-size\">DEC en Techniques d\u2019int\u00e9gration multim\u00e9dia.<\/p>\n\n\n\n<p class=\"has-medium-font-size\">DEC en animation 3D et effets visuels.<\/p>\n\n\n\n<p class=\"has-medium-font-size\">Dipl\u00f4me universitaire en animation ou en arts num\u00e9riques.<\/p>\n\n\n\n<p class=\"has-medium-font-size\">Portfolio d\u00e9montrant les comp\u00e9tences et le talent.<\/p>\n\n\n\n<h3 class=\"wp-block-heading\">Salaires<\/h3>\n\n\n\n<p class=\"has-large-font-size\">63 700 $ par an<\/p>\n<\/div>\n\n\n\n<div class=\"wp-block-column is-vertically-aligned-center is-layout-flow wp-block-column-is-layout-flow\">\n<figure class=\"wp-block-image size-large has-custom-border animated slideInRight o-anim-offset-o-anim-offset-0px\"><img loading=\"lazy\" decoding=\"async\" width=\"1024\" height=\"1024\" src=\"https:\/\/lmagnan.dectim.ca\/env_professionnel_TP2\/blogue\/wp-content\/uploads\/2026\/03\/Skill_Creative__Converted_-01_generated-1024x1024.jpg\" alt=\"\" class=\"wp-image-1211\" style=\"border-top-left-radius:24px;border-top-right-radius:24px;border-bottom-left-radius:24px;border-bottom-right-radius:24px\" srcset=\"https:\/\/lmagnan.dectim.ca\/env_professionnel_TP2\/blogue\/wp-content\/uploads\/2026\/03\/Skill_Creative__Converted_-01_generated-1024x1024.jpg 1024w, https:\/\/lmagnan.dectim.ca\/env_professionnel_TP2\/blogue\/wp-content\/uploads\/2026\/03\/Skill_Creative__Converted_-01_generated-300x300.jpg 300w, https:\/\/lmagnan.dectim.ca\/env_professionnel_TP2\/blogue\/wp-content\/uploads\/2026\/03\/Skill_Creative__Converted_-01_generated-150x150.jpg 150w, https:\/\/lmagnan.dectim.ca\/env_professionnel_TP2\/blogue\/wp-content\/uploads\/2026\/03\/Skill_Creative__Converted_-01_generated-768x768.jpg 768w, https:\/\/lmagnan.dectim.ca\/env_professionnel_TP2\/blogue\/wp-content\/uploads\/2026\/03\/Skill_Creative__Converted_-01_generated-1536x1536.jpg 1536w, https:\/\/lmagnan.dectim.ca\/env_professionnel_TP2\/blogue\/wp-content\/uploads\/2026\/03\/Skill_Creative__Converted_-01_generated-500x500.jpg 500w, https:\/\/lmagnan.dectim.ca\/env_professionnel_TP2\/blogue\/wp-content\/uploads\/2026\/03\/Skill_Creative__Converted_-01_generated-800x800.jpg 800w, https:\/\/lmagnan.dectim.ca\/env_professionnel_TP2\/blogue\/wp-content\/uploads\/2026\/03\/Skill_Creative__Converted_-01_generated-1280x1280.jpg 1280w, https:\/\/lmagnan.dectim.ca\/env_professionnel_TP2\/blogue\/wp-content\/uploads\/2026\/03\/Skill_Creative__Converted_-01_generated.jpg 1920w\" sizes=\"auto, (max-width: 1024px) 100vw, 1024px\" \/><\/figure>\n<\/div>\n<\/div>\n<\/div>\n\n\n\n<h3 class=\"wp-block-heading animated slideInLeft o-anim-offset-o-anim-offset-0px\">Perspectives<\/h3>\n\n\n\n<p class=\"animated slideInLeft o-anim-offset-o-anim-offset-0px has-medium-font-size\">Opportunit\u00e9s dans le jeu vid\u00e9o, l\u2019animation et la visualisation 3D.<br><br>Possibilit\u00e9 de travailler en studio ou \u00e0 distance.<br><br>\u00c9volution vers des postes d\u2019artiste d\u2019\u00e9clairage, d\u2019artiste technique ou d\u2019artiste principal en rendu.<\/p>\n\n\n\n<p class=\"has-medium-font-size\"><\/p>\n<\/div>\n\n\n\n<hr class=\"wp-block-separator has-text-color has-ast-global-color-2-color has-alpha-channel-opacity has-ast-global-color-2-background-color has-background is-style-wide\"\/>\n\n\n\n<div style=\"height:60px\" aria-hidden=\"true\" class=\"wp-block-spacer\"><\/div>\n\n\n\n<div class=\"wp-block-uagb-modal uagb-block-eed404a9 uagb-modal-wrapper animated slideInLeft o-anim-offset-o-anim-offset-0px\" data-escpress=\"enable\" data-overlayclick=\"disable\"><div class=\"uagb-spectra-button-wrapper wp-block-button\"><a class=\"uagb-modal-button-link wp-block-button__link uagb-modal-trigger\" href=\"#\" onclick=\"return false;\" target=\"_self\" rel=\"noopener noreferrer\"><span class=\"uagb-modal-content-wrapper\"><span class=\"uagb-inline-editing\">Utilisation de l&rsquo;IA<\/span><\/span><\/a><\/div><div class=\"uagb-effect-default uagb-modal-popup uagb-block-eed404a9 uagb-modal-type-undefined\"><div class=\"uagb-modal-popup-wrap\"><div class=\"uagb-modal-popup-content\">\n<div class=\"wp-block-uagb-info-box uagb-block-ea9cb894 uagb-infobox__content-wrap  uagb-infobox-icon-above-title uagb-infobox-image-valign-top\"><div class=\"uagb-ifb-content\"><div class=\"uagb-ifb-icon-wrap\"><svg xmlns=\"https:\/\/www.w3.org\/2000\/svg\" viewBox=\"0 0 512 512\"><path d=\"M0 256C0 114.6 114.6 0 256 0C397.4 0 512 114.6 512 256C512 397.4 397.4 512 256 512C114.6 512 0 397.4 0 256zM371.8 211.8C382.7 200.9 382.7 183.1 371.8 172.2C360.9 161.3 343.1 161.3 332.2 172.2L224 280.4L179.8 236.2C168.9 225.3 151.1 225.3 140.2 236.2C129.3 247.1 129.3 264.9 140.2 275.8L204.2 339.8C215.1 350.7 232.9 350.7 243.8 339.8L371.8 211.8z\"><\/path><\/svg><\/div><div class=\"uagb-ifb-title-wrap\"><h3 class=\"uagb-ifb-title\">Engage Your Visitors!<\/h3><\/div><p class=\"uagb-ifb-desc\">Ce contenu a \u00e9t\u00e9 r\u00e9alis\u00e9 avec l\u2019aide de l\u2019intelligence artificielle, notamment pour la correction, la recherche d\u2019id\u00e9es et certains \u00e9l\u00e9ments visuels.<br><br><a href=\"https:\/\/chatgpt.com\/share\/69dee6ab-e360-83ea-abf1-d54995f3c11c\">https:\/\/chatgpt.com\/share\/69dee6ab-e360-83ea-abf1-d54995f3c11c<\/a><\/p><div class=\"uagb-ifb-button-wrapper wp-block-button\"><a href=\"#\" class=\"uagb-infobox-cta-link wp-block-button__link\" target=\"_self\" rel=\"noopener noreferrer\" onclick=\"return false;\"><span class=\"uagb-inline-editing\">Call To Action<\/span><\/a><\/div><\/div><\/div>\n<\/div><button class=\"uagb-modal-popup-close\" aria-label=\"Close Modal\"><svg xmlns=\"https:\/\/www.w3.org\/2000\/svg\" viewBox=\"0 0 320 512\"><path d=\"M310.6 361.4c12.5 12.5 12.5 32.75 0 45.25C304.4 412.9 296.2 416 288 416s-16.38-3.125-22.62-9.375L160 301.3L54.63 406.6C48.38 412.9 40.19 416 32 416S15.63 412.9 9.375 406.6c-12.5-12.5-12.5-32.75 0-45.25l105.4-105.4L9.375 150.6c-12.5-12.5-12.5-32.75 0-45.25s32.75-12.5 45.25 0L160 210.8l105.4-105.4c12.5-12.5 32.75-12.5 45.25 0s12.5 32.75 0 45.25l-105.4 105.4L310.6 361.4z\"><\/path><\/svg><\/button><\/div><\/div><\/div>\n\n\n\n<div style=\"height:60px\" aria-hidden=\"true\" class=\"wp-block-spacer\"><\/div>\n","protected":false},"excerpt":{"rendered":"<p>Antoine Gagnon L\u2019artiste de rendu transforme une sc\u00e8ne 3D technique en une image ou une s\u00e9quence visuelle finale, pr\u00eate \u00e0 [&hellip;]<\/p>\n","protected":false},"author":4,"featured_media":0,"parent":0,"menu_order":0,"comment_status":"closed","ping_status":"closed","template":"","meta":{"_uag_custom_page_level_css":"","site-sidebar-layout":"default","site-content-layout":"","ast-site-content-layout":"default","site-content-style":"default","site-sidebar-style":"default","ast-global-header-display":"","ast-banner-title-visibility":"","ast-main-header-display":"","ast-hfb-above-header-display":"","ast-hfb-below-header-display":"","ast-hfb-mobile-header-display":"","site-post-title":"disabled","ast-breadcrumbs-content":"","ast-featured-img":"","footer-sml-layout":"","ast-disable-related-posts":"","theme-transparent-header-meta":"","adv-header-id-meta":"","stick-header-meta":"","header-above-stick-meta":"","header-main-stick-meta":"","header-below-stick-meta":"","astra-migrate-meta-layouts":"default","ast-page-background-enabled":"default","ast-page-background-meta":{"desktop":{"background-color":"var(--ast-global-color-5)","background-image":"","background-repeat":"repeat","background-position":"center center","background-size":"auto","background-attachment":"scroll","background-type":"","background-media":"","overlay-type":"","overlay-color":"","overlay-opacity":"","overlay-gradient":""},"tablet":{"background-color":"","background-image":"","background-repeat":"repeat","background-position":"center center","background-size":"auto","background-attachment":"scroll","background-type":"","background-media":"","overlay-type":"","overlay-color":"","overlay-opacity":"","overlay-gradient":""},"mobile":{"background-color":"","background-image":"","background-repeat":"repeat","background-position":"center center","background-size":"auto","background-attachment":"scroll","background-type":"","background-media":"","overlay-type":"","overlay-color":"","overlay-opacity":"","overlay-gradient":""}},"ast-content-background-meta":{"desktop":{"background-color":"var(--ast-global-color-4)","background-image":"","background-repeat":"repeat","background-position":"center center","background-size":"auto","background-attachment":"scroll","background-type":"","background-media":"","overlay-type":"","overlay-color":"","overlay-opacity":"","overlay-gradient":""},"tablet":{"background-color":"var(--ast-global-color-4)","background-image":"","background-repeat":"repeat","background-position":"center center","background-size":"auto","background-attachment":"scroll","background-type":"","background-media":"","overlay-type":"","overlay-color":"","overlay-opacity":"","overlay-gradient":""},"mobile":{"background-color":"var(--ast-global-color-4)","background-image":"","background-repeat":"repeat","background-position":"center center","background-size":"auto","background-attachment":"scroll","background-type":"","background-media":"","overlay-type":"","overlay-color":"","overlay-opacity":"","overlay-gradient":""}},"_themeisle_gutenberg_block_has_review":false,"footnotes":""},"class_list":["post-1078","page","type-page","status-publish","hentry"],"uagb_featured_image_src":{"full":false,"thumbnail":false,"medium":false,"medium_large":false,"large":false,"1536x1536":false,"2048x2048":false,"awb_sm":false,"awb_md":false,"awb_lg":false,"awb_xl":false},"uagb_author_info":{"display_name":"Charles Bilodeau","author_link":"https:\/\/lmagnan.dectim.ca\/env_professionnel_TP2\/blogue\/author\/charles\/"},"uagb_comment_info":0,"uagb_excerpt":"Antoine Gagnon L\u2019artiste de rendu transforme une sc\u00e8ne 3D technique en une image ou une s\u00e9quence visuelle finale, pr\u00eate \u00e0 [&hellip;]","_links":{"self":[{"href":"https:\/\/lmagnan.dectim.ca\/env_professionnel_TP2\/blogue\/wp-json\/wp\/v2\/pages\/1078","targetHints":{"allow":["GET"]}}],"collection":[{"href":"https:\/\/lmagnan.dectim.ca\/env_professionnel_TP2\/blogue\/wp-json\/wp\/v2\/pages"}],"about":[{"href":"https:\/\/lmagnan.dectim.ca\/env_professionnel_TP2\/blogue\/wp-json\/wp\/v2\/types\/page"}],"author":[{"embeddable":true,"href":"https:\/\/lmagnan.dectim.ca\/env_professionnel_TP2\/blogue\/wp-json\/wp\/v2\/users\/4"}],"replies":[{"embeddable":true,"href":"https:\/\/lmagnan.dectim.ca\/env_professionnel_TP2\/blogue\/wp-json\/wp\/v2\/comments?post=1078"}],"version-history":[{"count":33,"href":"https:\/\/lmagnan.dectim.ca\/env_professionnel_TP2\/blogue\/wp-json\/wp\/v2\/pages\/1078\/revisions"}],"predecessor-version":[{"id":2134,"href":"https:\/\/lmagnan.dectim.ca\/env_professionnel_TP2\/blogue\/wp-json\/wp\/v2\/pages\/1078\/revisions\/2134"}],"wp:attachment":[{"href":"https:\/\/lmagnan.dectim.ca\/env_professionnel_TP2\/blogue\/wp-json\/wp\/v2\/media?parent=1078"}],"curies":[{"name":"wp","href":"https:\/\/api.w.org\/{rel}","templated":true}]}}