{"id":1070,"date":"2026-03-21T18:29:28","date_gmt":"2026-03-21T22:29:28","guid":{"rendered":"https:\/\/lmagnan.dectim.ca\/env_professionnel_TP2\/blogue\/?page_id=1070"},"modified":"2026-04-27T11:47:51","modified_gmt":"2026-04-27T15:47:51","slug":"1070-2","status":"publish","type":"page","link":"https:\/\/lmagnan.dectim.ca\/env_professionnel_TP2\/blogue\/1070-2\/","title":{"rendered":"03 &#8211; M\u00e9tier"},"content":{"rendered":"\n<div class=\"wp-block-columns is-layout-flex wp-container-core-columns-is-layout-28f84493 wp-block-columns-is-layout-flex\">\n<div class=\"wp-block-column animated slideInLeft o-anim-offset-o-anim-offset-0px is-layout-flow wp-block-column-is-layout-flow\">\n<figure class=\"wp-block-image aligncenter size-full has-custom-border\"><img loading=\"lazy\" decoding=\"async\" width=\"408\" height=\"612\" src=\"https:\/\/lmagnan.dectim.ca\/env_professionnel_TP2\/blogue\/wp-content\/uploads\/2026\/03\/Frame-58-1.png\" alt=\"\" class=\"wp-image-878\" style=\"border-top-left-radius:24px;border-top-right-radius:24px;border-bottom-left-radius:24px;border-bottom-right-radius:24px\" srcset=\"https:\/\/lmagnan.dectim.ca\/env_professionnel_TP2\/blogue\/wp-content\/uploads\/2026\/03\/Frame-58-1.png 408w, https:\/\/lmagnan.dectim.ca\/env_professionnel_TP2\/blogue\/wp-content\/uploads\/2026\/03\/Frame-58-1-200x300.png 200w\" sizes=\"auto, (max-width: 408px) 100vw, 408px\" \/><\/figure>\n<\/div>\n\n\n\n<div class=\"wp-block-column animated slideInRight o-anim-offset-o-anim-offset-0px is-layout-flow wp-block-column-is-layout-flow\">\n<h2 class=\"wp-block-heading\">Nicolas Tremblay<\/h2>\n\n\n\n<ul class=\"wp-block-list\">\n<li>M\u00e9tier: Directeur artistique<\/li>\n\n\n\n<li>R\u00f4le dans l&rsquo;\u00e9quipe: <\/li>\n<\/ul>\n\n\n\n<p>Le directeur artistique d\u00e9finit et supervise la direction visuelle du projet, coordonne les \u00e9quipes cr\u00e9atives et veille \u00e0 la coh\u00e9rence esth\u00e9tique des livrables.<\/p>\n<\/div>\n<\/div>\n\n\n\n<div class=\"wp-block-group alignfull is-content-justification-center is-layout-constrained wp-container-core-group-is-layout-efebdbaa wp-block-group-is-layout-constrained\" style=\"border-style:none;border-width:0px;border-top-left-radius:0px;border-top-right-radius:0px;border-bottom-left-radius:0px;border-bottom-right-radius:0px;margin-top:var(--wp--preset--spacing--60);margin-bottom:var(--wp--preset--spacing--60);padding-top:0;padding-right:var(--wp--preset--spacing--80);padding-bottom:0;padding-left:var(--wp--preset--spacing--80)\">\n<h2 class=\"wp-block-heading animated slideInLeft o-anim-offset-o-anim-offset-0px\">Description du m\u00e9tier<\/h2>\n\n\n\n<p class=\"animated slideInLeft delay-200ms o-anim-offset-o-anim-offset-0px has-medium-font-size\">Le directeur artistique est responsable de la vision visuelle globale d\u2019un projet cr\u00e9atif, comme un jeu vid\u00e9o, un film, une publicit\u00e9 ou un produit multim\u00e9dia.<br><br>Il d\u00e9finit le style artistique, supervise les \u00e9quipes de cr\u00e9ation (graphistes, illustrateurs, artistes 3D, animateurs) et veille \u00e0 la coh\u00e9rence esth\u00e9tique du projet. Il collabore \u00e9troitement avec les \u00e9quipes de production et de conception afin de traduire les objectifs cr\u00e9atifs en r\u00e9sultats visuels concrets.<\/p>\n<\/div>\n\n\n\n<div class=\"wp-block-group alignfull has-background is-layout-constrained wp-container-core-group-is-layout-10bc4538 wp-block-group-is-layout-constrained\" style=\"background-color:#212a37;padding-top:var(--wp--preset--spacing--80);padding-right:var(--wp--preset--spacing--80);padding-bottom:var(--wp--preset--spacing--80);padding-left:var(--wp--preset--spacing--80)\">\n<div class=\"wp-block-group alignfull is-layout-constrained wp-block-group-is-layout-constrained\">\n<div class=\"wp-block-columns alignfull are-vertically-aligned-center is-layout-flex wp-container-core-columns-is-layout-96cfbf2b wp-block-columns-is-layout-flex\" style=\"margin-top:var(--wp--preset--spacing--30);margin-bottom:var(--wp--preset--spacing--30)\">\n<div class=\"wp-block-column is-vertically-aligned-center is-layout-flow wp-container-core-column-is-layout-fd134cff wp-block-column-is-layout-flow\" style=\"padding-right:0;padding-left:0\">\n<figure class=\"wp-block-image alignright size-full is-resized has-custom-border animated slideInLeft o-anim-offset-o-anim-offset-0px\"><img loading=\"lazy\" decoding=\"async\" width=\"1408\" height=\"768\" src=\"https:\/\/lmagnan.dectim.ca\/env_professionnel_TP2\/blogue\/wp-content\/uploads\/2026\/04\/Gemini_Generated_Image_r2bxkzr2bxkzr2bx.webp\" alt=\"\" class=\"wp-image-2261\" style=\"border-top-left-radius:24px;border-top-right-radius:24px;border-bottom-left-radius:24px;border-bottom-right-radius:24px;aspect-ratio:1.500982087889537;width:542px;height:auto\" srcset=\"https:\/\/lmagnan.dectim.ca\/env_professionnel_TP2\/blogue\/wp-content\/uploads\/2026\/04\/Gemini_Generated_Image_r2bxkzr2bxkzr2bx.webp 1408w, https:\/\/lmagnan.dectim.ca\/env_professionnel_TP2\/blogue\/wp-content\/uploads\/2026\/04\/Gemini_Generated_Image_r2bxkzr2bxkzr2bx-300x164.webp 300w, https:\/\/lmagnan.dectim.ca\/env_professionnel_TP2\/blogue\/wp-content\/uploads\/2026\/04\/Gemini_Generated_Image_r2bxkzr2bxkzr2bx-1024x559.webp 1024w, https:\/\/lmagnan.dectim.ca\/env_professionnel_TP2\/blogue\/wp-content\/uploads\/2026\/04\/Gemini_Generated_Image_r2bxkzr2bxkzr2bx-768x419.webp 768w, https:\/\/lmagnan.dectim.ca\/env_professionnel_TP2\/blogue\/wp-content\/uploads\/2026\/04\/Gemini_Generated_Image_r2bxkzr2bxkzr2bx-500x273.webp 500w, https:\/\/lmagnan.dectim.ca\/env_professionnel_TP2\/blogue\/wp-content\/uploads\/2026\/04\/Gemini_Generated_Image_r2bxkzr2bxkzr2bx-800x436.webp 800w, https:\/\/lmagnan.dectim.ca\/env_professionnel_TP2\/blogue\/wp-content\/uploads\/2026\/04\/Gemini_Generated_Image_r2bxkzr2bxkzr2bx-1280x698.webp 1280w\" sizes=\"auto, (max-width: 1408px) 100vw, 1408px\" \/><\/figure>\n<\/div>\n\n\n\n<div class=\"wp-block-column is-vertically-aligned-center is-layout-flow wp-container-core-column-is-layout-525947d0 wp-block-column-is-layout-flow\" style=\"padding-top:0;padding-right:0;padding-bottom:0;padding-left:0\">\n<h3 class=\"wp-block-heading animated slideInRight o-anim-offset-o-anim-offset-0px\">T\u00e2ches du m\u00e9tier<\/h3>\n\n\n\n<ul class=\"wp-block-list animated slideInRight o-anim-offset-o-anim-offset-0px\">\n<li>D\u00e9finir le style visuel et la direction artistique du projet<\/li>\n\n\n\n<li>Superviser le travail des artistes (3D, graphistes, animateurs, designers)<\/li>\n\n\n\n<li>Valider les concepts visuels, prototypes et assets finaux<\/li>\n\n\n\n<li>Collaborer avec les \u00e9quipes de production et de conception<\/li>\n\n\n\n<li>Assurer la coh\u00e9rence visuelle entre les diff\u00e9rentes \u00e9tapes du projet<\/li>\n\n\n\n<li>Organiser les r\u00e9f\u00e9rences visuelles (moodboards, guides de style)<\/li>\n\n\n\n<li>Respecter les contraintes techniques, budg\u00e9taires et temporelles<\/li>\n<\/ul>\n<\/div>\n<\/div>\n\n\n\n<div class=\"wp-block-columns is-layout-flex wp-container-core-columns-is-layout-ef06f3fc wp-block-columns-is-layout-flex\">\n<div class=\"wp-block-column is-vertically-aligned-center is-layout-flow wp-block-column-is-layout-flow\">\n<h3 class=\"wp-block-heading animated slideInLeft o-anim-offset-o-anim-offset-0px\">Comp\u00e9tences cl\u00e9s requises<\/h3>\n\n\n\n<ul class=\"wp-block-list animated slideInLeft o-anim-offset-o-anim-offset-0px\">\n<li><em>Leadership <\/em>et gestion d\u2019\u00e9quipe<\/li>\n\n\n\n<li>Sens artistique d\u00e9velopp\u00e9 et cr\u00e9ativit\u00e9<\/li>\n\n\n\n<li>Ma\u00eetrise des principes de design visuel et de direction artistique<\/li>\n\n\n\n<li>Bonne communication et collaboration interdisciplinaire<\/li>\n\n\n\n<li>Connaissance des outils num\u00e9riques (suite Adobe, logiciels 3D, moteurs de jeu)<\/li>\n\n\n\n<li>Capacit\u00e9 \u00e0 respecter des contraintes de production et des d\u00e9lais<\/li>\n<\/ul>\n<\/div>\n\n\n\n<div class=\"wp-block-column is-vertically-aligned-center is-layout-flow wp-block-column-is-layout-flow\">\n<figure class=\"wp-block-image size-large has-custom-border animated slideInRight o-anim-offset-o-anim-offset-0px\"><img loading=\"lazy\" decoding=\"async\" width=\"1024\" height=\"559\" src=\"https:\/\/lmagnan.dectim.ca\/env_professionnel_TP2\/blogue\/wp-content\/uploads\/2026\/04\/Gemini_Generated_Image_6hiwkw6hiwkw6hiw-1024x559.webp\" alt=\"\" class=\"wp-image-2264\" style=\"border-top-left-radius:24px;border-top-right-radius:24px;border-bottom-left-radius:24px;border-bottom-right-radius:24px\" srcset=\"https:\/\/lmagnan.dectim.ca\/env_professionnel_TP2\/blogue\/wp-content\/uploads\/2026\/04\/Gemini_Generated_Image_6hiwkw6hiwkw6hiw-1024x559.webp 1024w, https:\/\/lmagnan.dectim.ca\/env_professionnel_TP2\/blogue\/wp-content\/uploads\/2026\/04\/Gemini_Generated_Image_6hiwkw6hiwkw6hiw-300x164.webp 300w, https:\/\/lmagnan.dectim.ca\/env_professionnel_TP2\/blogue\/wp-content\/uploads\/2026\/04\/Gemini_Generated_Image_6hiwkw6hiwkw6hiw-768x419.webp 768w, https:\/\/lmagnan.dectim.ca\/env_professionnel_TP2\/blogue\/wp-content\/uploads\/2026\/04\/Gemini_Generated_Image_6hiwkw6hiwkw6hiw-500x273.webp 500w, https:\/\/lmagnan.dectim.ca\/env_professionnel_TP2\/blogue\/wp-content\/uploads\/2026\/04\/Gemini_Generated_Image_6hiwkw6hiwkw6hiw-800x436.webp 800w, https:\/\/lmagnan.dectim.ca\/env_professionnel_TP2\/blogue\/wp-content\/uploads\/2026\/04\/Gemini_Generated_Image_6hiwkw6hiwkw6hiw-1280x698.webp 1280w, https:\/\/lmagnan.dectim.ca\/env_professionnel_TP2\/blogue\/wp-content\/uploads\/2026\/04\/Gemini_Generated_Image_6hiwkw6hiwkw6hiw.webp 1408w\" sizes=\"auto, (max-width: 1024px) 100vw, 1024px\" \/><\/figure>\n<\/div>\n<\/div>\n<\/div>\n<\/div>\n\n\n\n<div class=\"wp-block-group alignfull is-layout-constrained wp-container-core-group-is-layout-fab22c63 wp-block-group-is-layout-constrained\" style=\"margin-top:var(--wp--preset--spacing--50);margin-bottom:var(--wp--preset--spacing--50);padding-top:var(--wp--preset--spacing--80);padding-right:var(--wp--preset--spacing--80);padding-bottom:var(--wp--preset--spacing--80);padding-left:var(--wp--preset--spacing--80)\">\n<h2 class=\"wp-block-heading has-text-align-left animated slideInLeft o-anim-offset-o-anim-offset-0px\">Environnement de travail<\/h2>\n\n\n\n<div class=\"wp-block-columns is-layout-flex wp-container-core-columns-is-layout-28f84493 wp-block-columns-is-layout-flex\">\n<div class=\"wp-block-column is-layout-flow wp-block-column-is-layout-flow\">\n<div class=\"wp-block-columns is-layout-flex wp-container-core-columns-is-layout-28f84493 wp-block-columns-is-layout-flex\">\n<div class=\"wp-block-column is-layout-flow wp-block-column-is-layout-flow\">\n<div class=\"wp-block-group ma-colonne-hover animated zoomIn delay-100ms o-anim-offset-o-anim-offset-0px has-border-color has-ast-global-color-1-border-color is-vertical is-content-justification-center is-layout-flex wp-container-core-group-is-layout-58920785 wp-block-group-is-layout-flex\" style=\"border-width:2px;border-top-left-radius:24px;border-top-right-radius:24px;border-bottom-left-radius:24px;border-bottom-right-radius:24px;padding-top:var(--wp--preset--spacing--30);padding-right:var(--wp--preset--spacing--50);padding-bottom:var(--wp--preset--spacing--30);padding-left:var(--wp--preset--spacing--50)\">\n<div id=\"wp-block-themeisle-blocks-font-awesome-icons-43d8fd15\" class=\"wp-block-themeisle-blocks-font-awesome-icons\"><span class=\"wp-block-themeisle-blocks-font-awesome-icons-container\"><i class=\"fas fa-gamepad\"><\/i><\/span><\/div>\n\n\n\n<p class=\"has-text-align-center\"><strong>Studios de jeux vid\u00e9o<\/strong><\/p>\n<\/div>\n<\/div>\n\n\n\n<div class=\"wp-block-column is-layout-flow wp-block-column-is-layout-flow\">\n<div class=\"wp-block-group ma-colonne-hover animated zoomIn delay-100ms o-anim-offset-o-anim-offset-0px has-border-color has-ast-global-color-1-border-color is-vertical is-content-justification-center is-layout-flex wp-container-core-group-is-layout-b3bf4590 wp-block-group-is-layout-flex\" style=\"border-width:2px;border-top-left-radius:24px;border-top-right-radius:24px;border-bottom-left-radius:24px;border-bottom-right-radius:24px;padding-top:var(--wp--preset--spacing--30);padding-right:var(--wp--preset--spacing--50);padding-bottom:var(--wp--preset--spacing--30);padding-left:var(--wp--preset--spacing--50)\">\n<div id=\"wp-block-themeisle-blocks-font-awesome-icons-33fc0556\" class=\"wp-block-themeisle-blocks-font-awesome-icons\"><span class=\"wp-block-themeisle-blocks-font-awesome-icons-container\"><i class=\"fas fa-tv\"><\/i><\/span><\/div>\n\n\n\n<p class=\"has-text-align-center\"><strong>Agences de publicit\u00e9 ou de design<\/strong><\/p>\n<\/div>\n<\/div>\n<\/div>\n\n\n\n<div class=\"wp-block-columns is-layout-flex wp-container-core-columns-is-layout-28f84493 wp-block-columns-is-layout-flex\">\n<div class=\"wp-block-column is-layout-flow wp-block-column-is-layout-flow\">\n<div class=\"wp-block-group ma-colonne-hover animated zoomIn delay-100ms o-anim-offset-o-anim-offset-0px has-border-color has-ast-global-color-1-border-color is-vertical is-content-justification-center is-layout-flex wp-container-core-group-is-layout-e795610d wp-block-group-is-layout-flex\" style=\"border-width:2px;border-top-left-radius:24px;border-top-right-radius:24px;border-bottom-left-radius:24px;border-bottom-right-radius:24px;padding-top:0;padding-right:var(--wp--preset--spacing--50);padding-bottom:0;padding-left:var(--wp--preset--spacing--50)\">\n<div id=\"wp-block-themeisle-blocks-font-awesome-icons-11ac2a13\" class=\"wp-block-themeisle-blocks-font-awesome-icons\"><span class=\"wp-block-themeisle-blocks-font-awesome-icons-container\"><i class=\"fas fa-child\"><\/i><\/span><\/div>\n\n\n\n<p class=\"has-text-align-center wp-container-content-0892b529\"><strong>Studios d\u2019animation et de production audiovisuelle<\/strong><\/p>\n<\/div>\n<\/div>\n\n\n\n<div class=\"wp-block-column is-layout-flow wp-block-column-is-layout-flow\">\n<div class=\"wp-block-group ma-colonne-hover animated zoomIn delay-100ms o-anim-offset-o-anim-offset-0px has-border-color is-vertical is-content-justification-center is-layout-flex wp-container-core-group-is-layout-e795610d wp-block-group-is-layout-flex\" style=\"border-color:var(--ast-global-color-1);border-width:2px;border-top-left-radius:24px;border-top-right-radius:24px;border-bottom-left-radius:24px;border-bottom-right-radius:24px;padding-top:0;padding-right:var(--wp--preset--spacing--50);padding-bottom:0;padding-left:var(--wp--preset--spacing--50)\">\n<div id=\"wp-block-themeisle-blocks-font-awesome-icons-4b21af5c\" class=\"wp-block-themeisle-blocks-font-awesome-icons\"><span class=\"wp-block-themeisle-blocks-font-awesome-icons-container\"><i class=\"fas fa-building\"><\/i><\/span><\/div>\n\n\n\n<p class=\"has-text-align-center wp-container-content-0892b529\"><strong>Entreprises de production num\u00e9rique<\/strong><\/p>\n<\/div>\n<\/div>\n<\/div>\n<\/div>\n<\/div>\n<\/div>\n\n\n\n<div class=\"wp-block-group alignfull has-background is-layout-constrained wp-container-core-group-is-layout-0588d379 wp-block-group-is-layout-constrained\" style=\"background-color:#212a37;margin-top:var(--wp--preset--spacing--60);margin-bottom:var(--wp--preset--spacing--60);padding-top:var(--wp--preset--spacing--80);padding-right:var(--wp--preset--spacing--80);padding-bottom:var(--wp--preset--spacing--80);padding-left:var(--wp--preset--spacing--80)\">\n<div class=\"wp-block-group is-layout-constrained wp-block-group-is-layout-constrained\">\n<div class=\"wp-block-columns is-layout-flex wp-container-core-columns-is-layout-ef06f3fc wp-block-columns-is-layout-flex\">\n<div class=\"wp-block-column is-vertically-aligned-center animated slideInLeft o-anim-offset-o-anim-offset-0px is-layout-flow wp-container-core-column-is-layout-119bc444 wp-block-column-is-layout-flow\">\n<h3 class=\"wp-block-heading has-text-align-left animated slideInLeft o-anim-offset-o-anim-offset-0px\">Formations requises<\/h3>\n\n\n\n<p class=\"has-medium-font-size\">DEC ou dipl\u00f4me en design graphique, multim\u00e9dia ou animation<\/p>\n\n\n\n<p class=\"has-medium-font-size\">Baccalaur\u00e9at en arts visuels, design ou communication<\/p>\n\n\n\n<p class=\"has-medium-font-size\">Exp\u00e9rience professionnelle significative dans un domaine cr\u00e9atif<\/p>\n\n\n\n<p class=\"has-medium-font-size\">Portfolio d\u00e9montrant une expertise en direction artistique<\/p>\n\n\n\n<h3 class=\"wp-block-heading\">Salaires<\/h3>\n\n\n\n<p class=\"has-large-font-size\">Entre 70 000 $ \u00e0 90 000 $ par an<\/p>\n<\/div>\n\n\n\n<div class=\"wp-block-column is-vertically-aligned-center is-layout-flow wp-block-column-is-layout-flow\">\n<figure class=\"wp-block-image size-large has-custom-border animated slideInRight o-anim-offset-o-anim-offset-0px\"><img loading=\"lazy\" decoding=\"async\" width=\"1024\" height=\"683\" src=\"https:\/\/lmagnan.dectim.ca\/env_professionnel_TP2\/blogue\/wp-content\/uploads\/2026\/03\/vecteezy_freelancer-employee-or-manager-making-investing-plans_7278330-1024x683.jpg\" alt=\"\" class=\"wp-image-1352\" style=\"border-top-left-radius:24px;border-top-right-radius:24px;border-bottom-left-radius:24px;border-bottom-right-radius:24px\" srcset=\"https:\/\/lmagnan.dectim.ca\/env_professionnel_TP2\/blogue\/wp-content\/uploads\/2026\/03\/vecteezy_freelancer-employee-or-manager-making-investing-plans_7278330-1024x683.jpg 1024w, https:\/\/lmagnan.dectim.ca\/env_professionnel_TP2\/blogue\/wp-content\/uploads\/2026\/03\/vecteezy_freelancer-employee-or-manager-making-investing-plans_7278330-300x200.jpg 300w, https:\/\/lmagnan.dectim.ca\/env_professionnel_TP2\/blogue\/wp-content\/uploads\/2026\/03\/vecteezy_freelancer-employee-or-manager-making-investing-plans_7278330-768x512.jpg 768w, https:\/\/lmagnan.dectim.ca\/env_professionnel_TP2\/blogue\/wp-content\/uploads\/2026\/03\/vecteezy_freelancer-employee-or-manager-making-investing-plans_7278330-1536x1024.jpg 1536w, https:\/\/lmagnan.dectim.ca\/env_professionnel_TP2\/blogue\/wp-content\/uploads\/2026\/03\/vecteezy_freelancer-employee-or-manager-making-investing-plans_7278330-500x333.jpg 500w, https:\/\/lmagnan.dectim.ca\/env_professionnel_TP2\/blogue\/wp-content\/uploads\/2026\/03\/vecteezy_freelancer-employee-or-manager-making-investing-plans_7278330-800x533.jpg 800w, https:\/\/lmagnan.dectim.ca\/env_professionnel_TP2\/blogue\/wp-content\/uploads\/2026\/03\/vecteezy_freelancer-employee-or-manager-making-investing-plans_7278330-1280x853.jpg 1280w, https:\/\/lmagnan.dectim.ca\/env_professionnel_TP2\/blogue\/wp-content\/uploads\/2026\/03\/vecteezy_freelancer-employee-or-manager-making-investing-plans_7278330.jpg 1920w\" sizes=\"auto, (max-width: 1024px) 100vw, 1024px\" \/><\/figure>\n<\/div>\n<\/div>\n<\/div>\n\n\n\n<h3 class=\"wp-block-heading animated slideInLeft o-anim-offset-o-anim-offset-0px\">Perspectives<\/h3>\n\n\n\n<p class=\"animated slideInLeft o-anim-offset-o-anim-offset-0px has-medium-font-size\">Demande constante dans les secteurs du jeu vid\u00e9o, du marketing et du multim\u00e9dia. <br><br>Possibilit\u00e9 d\u2019\u00e9voluer vers des postes de directeur cr\u00e9atif ou superviseur de production.<br><br>Opportunit\u00e9s de travailler en freelance ou en studio<\/p>\n<\/div>\n\n\n\n<hr class=\"wp-block-separator has-text-color has-ast-global-color-2-color has-alpha-channel-opacity has-ast-global-color-2-background-color has-background is-style-wide\"\/>\n\n\n\n<div style=\"height:60px\" aria-hidden=\"true\" class=\"wp-block-spacer\"><\/div>\n\n\n\n<div class=\"wp-block-uagb-modal uagb-block-eed404a9 uagb-modal-wrapper animated slideInLeft o-anim-offset-o-anim-offset-0px\" data-escpress=\"enable\" data-overlayclick=\"disable\"><div class=\"uagb-spectra-button-wrapper wp-block-button\"><a class=\"uagb-modal-button-link wp-block-button__link uagb-modal-trigger\" href=\"#\" onclick=\"return false;\" target=\"_self\" rel=\"noopener noreferrer\"><span class=\"uagb-modal-content-wrapper\"><span class=\"uagb-inline-editing\">Utilisation de l&rsquo;IA<\/span><\/span><\/a><\/div><div class=\"uagb-effect-default uagb-modal-popup uagb-block-eed404a9 uagb-modal-type-undefined\"><div class=\"uagb-modal-popup-wrap\"><div class=\"uagb-modal-popup-content\">\n<div class=\"wp-block-uagb-info-box uagb-block-ea9cb894 uagb-infobox__content-wrap  uagb-infobox-icon-above-title uagb-infobox-image-valign-top\"><div class=\"uagb-ifb-content\"><div class=\"uagb-ifb-icon-wrap\"><svg xmlns=\"https:\/\/www.w3.org\/2000\/svg\" viewBox=\"0 0 512 512\"><path d=\"M0 256C0 114.6 114.6 0 256 0C397.4 0 512 114.6 512 256C512 397.4 397.4 512 256 512C114.6 512 0 397.4 0 256zM371.8 211.8C382.7 200.9 382.7 183.1 371.8 172.2C360.9 161.3 343.1 161.3 332.2 172.2L224 280.4L179.8 236.2C168.9 225.3 151.1 225.3 140.2 236.2C129.3 247.1 129.3 264.9 140.2 275.8L204.2 339.8C215.1 350.7 232.9 350.7 243.8 339.8L371.8 211.8z\"><\/path><\/svg><\/div><div class=\"uagb-ifb-title-wrap\"><h3 class=\"uagb-ifb-title\">Engage Your Visitors!<\/h3><\/div><p class=\"uagb-ifb-desc\">Ce contenu a \u00e9t\u00e9 r\u00e9alis\u00e9 avec l\u2019aide de l\u2019intelligence artificielle, notamment pour la correction, la recherche d\u2019id\u00e9es et certains \u00e9l\u00e9ments visuels.<br><br><a href=\"https:\/\/chatgpt.com\/share\/69decedf-da98-83ea-86bf-ee8060cf216e\">https:\/\/chatgpt.com\/share\/69decedf-da98-83ea-86bf-ee8060cf216e<\/a><\/p><div class=\"uagb-ifb-button-wrapper wp-block-button\"><a href=\"#\" class=\"uagb-infobox-cta-link wp-block-button__link\" target=\"_self\" rel=\"noopener noreferrer\" onclick=\"return false;\"><span class=\"uagb-inline-editing\">Call To Action<\/span><\/a><\/div><\/div><\/div>\n<\/div><button class=\"uagb-modal-popup-close\" aria-label=\"Close Modal\"><svg xmlns=\"https:\/\/www.w3.org\/2000\/svg\" viewBox=\"0 0 320 512\"><path d=\"M310.6 361.4c12.5 12.5 12.5 32.75 0 45.25C304.4 412.9 296.2 416 288 416s-16.38-3.125-22.62-9.375L160 301.3L54.63 406.6C48.38 412.9 40.19 416 32 416S15.63 412.9 9.375 406.6c-12.5-12.5-12.5-32.75 0-45.25l105.4-105.4L9.375 150.6c-12.5-12.5-12.5-32.75 0-45.25s32.75-12.5 45.25 0L160 210.8l105.4-105.4c12.5-12.5 32.75-12.5 45.25 0s12.5 32.75 0 45.25l-105.4 105.4L310.6 361.4z\"><\/path><\/svg><\/button><\/div><\/div><\/div>\n\n\n\n<div style=\"height:60px\" aria-hidden=\"true\" class=\"wp-block-spacer\"><\/div>\n","protected":false},"excerpt":{"rendered":"<p>Nicolas Tremblay Le directeur artistique d\u00e9finit et supervise la direction visuelle du projet, coordonne les \u00e9quipes cr\u00e9atives et veille \u00e0 [&hellip;]<\/p>\n","protected":false},"author":4,"featured_media":0,"parent":0,"menu_order":0,"comment_status":"closed","ping_status":"closed","template":"","meta":{"_uag_custom_page_level_css":"","site-sidebar-layout":"default","site-content-layout":"","ast-site-content-layout":"default","site-content-style":"default","site-sidebar-style":"default","ast-global-header-display":"","ast-banner-title-visibility":"","ast-main-header-display":"","ast-hfb-above-header-display":"","ast-hfb-below-header-display":"","ast-hfb-mobile-header-display":"","site-post-title":"disabled","ast-breadcrumbs-content":"","ast-featured-img":"","footer-sml-layout":"","ast-disable-related-posts":"","theme-transparent-header-meta":"","adv-header-id-meta":"","stick-header-meta":"","header-above-stick-meta":"","header-main-stick-meta":"","header-below-stick-meta":"","astra-migrate-meta-layouts":"default","ast-page-background-enabled":"default","ast-page-background-meta":{"desktop":{"background-color":"var(--ast-global-color-5)","background-image":"","background-repeat":"repeat","background-position":"center center","background-size":"auto","background-attachment":"scroll","background-type":"","background-media":"","overlay-type":"","overlay-color":"","overlay-opacity":"","overlay-gradient":""},"tablet":{"background-color":"","background-image":"","background-repeat":"repeat","background-position":"center center","background-size":"auto","background-attachment":"scroll","background-type":"","background-media":"","overlay-type":"","overlay-color":"","overlay-opacity":"","overlay-gradient":""},"mobile":{"background-color":"","background-image":"","background-repeat":"repeat","background-position":"center center","background-size":"auto","background-attachment":"scroll","background-type":"","background-media":"","overlay-type":"","overlay-color":"","overlay-opacity":"","overlay-gradient":""}},"ast-content-background-meta":{"desktop":{"background-color":"var(--ast-global-color-4)","background-image":"","background-repeat":"repeat","background-position":"center center","background-size":"auto","background-attachment":"scroll","background-type":"","background-media":"","overlay-type":"","overlay-color":"","overlay-opacity":"","overlay-gradient":""},"tablet":{"background-color":"var(--ast-global-color-4)","background-image":"","background-repeat":"repeat","background-position":"center center","background-size":"auto","background-attachment":"scroll","background-type":"","background-media":"","overlay-type":"","overlay-color":"","overlay-opacity":"","overlay-gradient":""},"mobile":{"background-color":"var(--ast-global-color-4)","background-image":"","background-repeat":"repeat","background-position":"center center","background-size":"auto","background-attachment":"scroll","background-type":"","background-media":"","overlay-type":"","overlay-color":"","overlay-opacity":"","overlay-gradient":""}},"_themeisle_gutenberg_block_has_review":false,"footnotes":""},"class_list":["post-1070","page","type-page","status-publish","hentry"],"uagb_featured_image_src":{"full":false,"thumbnail":false,"medium":false,"medium_large":false,"large":false,"1536x1536":false,"2048x2048":false,"awb_sm":false,"awb_md":false,"awb_lg":false,"awb_xl":false},"uagb_author_info":{"display_name":"Charles Bilodeau","author_link":"https:\/\/lmagnan.dectim.ca\/env_professionnel_TP2\/blogue\/author\/charles\/"},"uagb_comment_info":0,"uagb_excerpt":"Nicolas Tremblay Le directeur artistique d\u00e9finit et supervise la direction visuelle du projet, coordonne les \u00e9quipes cr\u00e9atives et veille \u00e0 [&hellip;]","_links":{"self":[{"href":"https:\/\/lmagnan.dectim.ca\/env_professionnel_TP2\/blogue\/wp-json\/wp\/v2\/pages\/1070","targetHints":{"allow":["GET"]}}],"collection":[{"href":"https:\/\/lmagnan.dectim.ca\/env_professionnel_TP2\/blogue\/wp-json\/wp\/v2\/pages"}],"about":[{"href":"https:\/\/lmagnan.dectim.ca\/env_professionnel_TP2\/blogue\/wp-json\/wp\/v2\/types\/page"}],"author":[{"embeddable":true,"href":"https:\/\/lmagnan.dectim.ca\/env_professionnel_TP2\/blogue\/wp-json\/wp\/v2\/users\/4"}],"replies":[{"embeddable":true,"href":"https:\/\/lmagnan.dectim.ca\/env_professionnel_TP2\/blogue\/wp-json\/wp\/v2\/comments?post=1070"}],"version-history":[{"count":30,"href":"https:\/\/lmagnan.dectim.ca\/env_professionnel_TP2\/blogue\/wp-json\/wp\/v2\/pages\/1070\/revisions"}],"predecessor-version":[{"id":2265,"href":"https:\/\/lmagnan.dectim.ca\/env_professionnel_TP2\/blogue\/wp-json\/wp\/v2\/pages\/1070\/revisions\/2265"}],"wp:attachment":[{"href":"https:\/\/lmagnan.dectim.ca\/env_professionnel_TP2\/blogue\/wp-json\/wp\/v2\/media?parent=1070"}],"curies":[{"name":"wp","href":"https:\/\/api.w.org\/{rel}","templated":true}]}}