{"id":1066,"date":"2026-03-21T18:22:49","date_gmt":"2026-03-21T22:22:49","guid":{"rendered":"https:\/\/lmagnan.dectim.ca\/env_professionnel_TP2\/blogue\/?page_id=1066"},"modified":"2026-04-27T11:28:29","modified_gmt":"2026-04-27T15:28:29","slug":"1066-2","status":"publish","type":"page","link":"https:\/\/lmagnan.dectim.ca\/env_professionnel_TP2\/blogue\/1066-2\/","title":{"rendered":"01 &#8211; M\u00e9tier"},"content":{"rendered":"\n<div class=\"wp-block-columns is-layout-flex wp-container-core-columns-is-layout-28f84493 wp-block-columns-is-layout-flex\">\n<div class=\"wp-block-column animated slideInLeft o-anim-offset-o-anim-offset-0px is-layout-flow wp-block-column-is-layout-flow\">\n<figure class=\"wp-block-image aligncenter size-full has-custom-border\"><img loading=\"lazy\" decoding=\"async\" width=\"408\" height=\"612\" src=\"https:\/\/lmagnan.dectim.ca\/env_professionnel_TP2\/blogue\/wp-content\/uploads\/2026\/04\/Frame-56-1.webp\" alt=\"\" class=\"wp-image-2116\" style=\"border-top-left-radius:24px;border-top-right-radius:24px;border-bottom-left-radius:24px;border-bottom-right-radius:24px\" srcset=\"https:\/\/lmagnan.dectim.ca\/env_professionnel_TP2\/blogue\/wp-content\/uploads\/2026\/04\/Frame-56-1.webp 408w, https:\/\/lmagnan.dectim.ca\/env_professionnel_TP2\/blogue\/wp-content\/uploads\/2026\/04\/Frame-56-1-200x300.webp 200w\" sizes=\"auto, (max-width: 408px) 100vw, 408px\" \/><\/figure>\n<\/div>\n\n\n\n<div class=\"wp-block-column animated slideInRight o-anim-offset-o-anim-offset-0px is-layout-flow wp-block-column-is-layout-flow\">\n<h2 class=\"wp-block-heading\">Camille Roy<\/h2>\n\n\n\n<ul class=\"wp-block-list\">\n<li>M\u00e9tier: Artiste 3D<\/li>\n\n\n\n<li>R\u00f4le dans l&rsquo;\u00e9quipe: <\/li>\n<\/ul>\n\n\n\n<p>Est charg\u00e9 de transformer des mod\u00e8les, des textures et des animations en images ou en vid\u00e9os r\u00e9alistes ou stylis\u00e9es.<\/p>\n<\/div>\n<\/div>\n\n\n\n<div class=\"wp-block-group alignfull is-content-justification-center is-layout-constrained wp-container-core-group-is-layout-efebdbaa wp-block-group-is-layout-constrained\" style=\"border-style:none;border-width:0px;border-top-left-radius:0px;border-top-right-radius:0px;border-bottom-left-radius:0px;border-bottom-right-radius:0px;margin-top:var(--wp--preset--spacing--60);margin-bottom:var(--wp--preset--spacing--60);padding-top:0;padding-right:var(--wp--preset--spacing--80);padding-bottom:0;padding-left:var(--wp--preset--spacing--80)\">\n<h2 class=\"wp-block-heading animated slideInLeft o-anim-offset-o-anim-offset-0px\">Description du m\u00e9tier<\/h2>\n\n\n\n<p class=\"animated slideInLeft o-anim-offset-o-anim-offset-0px delay-200ms has-medium-font-size\">Un artiste 3D cr\u00e9e des \u0153uvres d&rsquo;art en 3D destin\u00e9es \u00e0 \u00eatre utilis\u00e9es num\u00e9riquement. En tant qu&rsquo;artiste 3D, vous utilisez des logiciels informatiques pour cr\u00e9er des mod\u00e8les, des animations et des effets num\u00e9riques pour les jeux vid\u00e9o, le cin\u00e9ma et la t\u00e9l\u00e9vision, la conception de sites web et d&rsquo;autres projets cr\u00e9atifs.<\/p>\n<\/div>\n\n\n\n<div class=\"wp-block-group alignfull has-background is-layout-constrained wp-container-core-group-is-layout-10bc4538 wp-block-group-is-layout-constrained\" style=\"background-color:#212a37;padding-top:var(--wp--preset--spacing--80);padding-right:var(--wp--preset--spacing--80);padding-bottom:var(--wp--preset--spacing--80);padding-left:var(--wp--preset--spacing--80)\">\n<div class=\"wp-block-group alignfull is-layout-constrained wp-block-group-is-layout-constrained\">\n<div class=\"wp-block-columns alignfull are-vertically-aligned-center is-layout-flex wp-container-core-columns-is-layout-96cfbf2b wp-block-columns-is-layout-flex\" style=\"margin-top:var(--wp--preset--spacing--30);margin-bottom:var(--wp--preset--spacing--30)\">\n<div class=\"wp-block-column is-vertically-aligned-center is-layout-flow wp-container-core-column-is-layout-fd134cff wp-block-column-is-layout-flow\" style=\"padding-right:0;padding-left:0\">\n<figure class=\"wp-block-image alignright size-full is-resized has-custom-border animated slideInLeft o-anim-offset-o-anim-offset-0px\"><img loading=\"lazy\" decoding=\"async\" width=\"798\" height=\"557\" src=\"https:\/\/lmagnan.dectim.ca\/env_professionnel_TP2\/blogue\/wp-content\/uploads\/2026\/04\/tache2.webp\" alt=\"\" class=\"wp-image-2142\" style=\"border-top-left-radius:24px;border-top-right-radius:24px;border-bottom-left-radius:24px;border-bottom-right-radius:24px;aspect-ratio:1.500982087889537;width:542px;height:auto\" srcset=\"https:\/\/lmagnan.dectim.ca\/env_professionnel_TP2\/blogue\/wp-content\/uploads\/2026\/04\/tache2.webp 798w, https:\/\/lmagnan.dectim.ca\/env_professionnel_TP2\/blogue\/wp-content\/uploads\/2026\/04\/tache2-300x209.webp 300w, https:\/\/lmagnan.dectim.ca\/env_professionnel_TP2\/blogue\/wp-content\/uploads\/2026\/04\/tache2-768x536.webp 768w, https:\/\/lmagnan.dectim.ca\/env_professionnel_TP2\/blogue\/wp-content\/uploads\/2026\/04\/tache2-500x349.webp 500w\" sizes=\"auto, (max-width: 798px) 100vw, 798px\" \/><\/figure>\n<\/div>\n\n\n\n<div class=\"wp-block-column is-vertically-aligned-center is-layout-flow wp-container-core-column-is-layout-525947d0 wp-block-column-is-layout-flow\" style=\"padding-top:0;padding-right:0;padding-bottom:0;padding-left:0\">\n<h3 class=\"wp-block-heading animated slideInRight o-anim-offset-o-anim-offset-0px\">T\u00e2ches du m\u00e9tier<\/h3>\n\n\n\n<ul class=\"wp-block-list animated slideInRight o-anim-offset-o-anim-offset-0px\">\n<li>Mod\u00e9liser des environnements 3D (b\u00e2timents, paysages, objets).<\/li>\n\n\n\n<li>Optimiser les mod\u00e8les pour les moteurs de jeu.<\/li>\n\n\n\n<li>Collaborer avec des artistes, des designers et des programmeurs.<\/li>\n\n\n\n<li>Cr\u00e9er et appliquer des textures et des mat\u00e9riaux.<\/li>\n\n\n\n<li>Assembler les sc\u00e8nes dans un moteur en temps r\u00e9el (Unreal Engine, Unity).<\/li>\n\n\n\n<li>Corriger les probl\u00e8mes visuels et techniques.<\/li>\n<\/ul>\n<\/div>\n<\/div>\n\n\n\n<div class=\"wp-block-columns is-layout-flex wp-container-core-columns-is-layout-ef06f3fc wp-block-columns-is-layout-flex\">\n<div class=\"wp-block-column is-vertically-aligned-center is-layout-flow wp-block-column-is-layout-flow\">\n<h3 class=\"wp-block-heading animated slideInLeft o-anim-offset-o-anim-offset-0px\">Comp\u00e9tences cl\u00e9s requises<\/h3>\n\n\n\n<ul class=\"wp-block-list animated slideInLeft o-anim-offset-o-anim-offset-0px\">\n<li>Ma\u00eetrise de logiciels 3D (Blender, Autodesk Maya, Autodesk 3ds Max, ZBrush).<\/li>\n\n\n\n<li>Bonne compr\u00e9hension de la mod\u00e9lisation, du texturing et du rendu.<\/li>\n\n\n\n<li>Sens artistique et cr\u00e9ativit\u00e9 visuelle.<\/li>\n\n\n\n<li>Capacit\u00e9 \u00e0 travailler en \u00e9quipe et \u00e0 communiquer efficacement.<\/li>\n<\/ul>\n<\/div>\n\n\n\n<div class=\"wp-block-column is-vertically-aligned-center is-layout-flow wp-block-column-is-layout-flow\">\n<figure class=\"wp-block-image size-full has-custom-border animated slideInRight o-anim-offset-o-anim-offset-0px\"><img loading=\"lazy\" decoding=\"async\" width=\"712\" height=\"507\" src=\"https:\/\/lmagnan.dectim.ca\/env_professionnel_TP2\/blogue\/wp-content\/uploads\/2026\/04\/Gemini_Generated_Image_o4y6vjo4y6vjo4y6.webp\" alt=\"\" class=\"wp-image-2144\" style=\"border-top-left-radius:24px;border-top-right-radius:24px;border-bottom-left-radius:24px;border-bottom-right-radius:24px\" srcset=\"https:\/\/lmagnan.dectim.ca\/env_professionnel_TP2\/blogue\/wp-content\/uploads\/2026\/04\/Gemini_Generated_Image_o4y6vjo4y6vjo4y6.webp 712w, https:\/\/lmagnan.dectim.ca\/env_professionnel_TP2\/blogue\/wp-content\/uploads\/2026\/04\/Gemini_Generated_Image_o4y6vjo4y6vjo4y6-300x214.webp 300w, https:\/\/lmagnan.dectim.ca\/env_professionnel_TP2\/blogue\/wp-content\/uploads\/2026\/04\/Gemini_Generated_Image_o4y6vjo4y6vjo4y6-500x356.webp 500w\" sizes=\"auto, (max-width: 712px) 100vw, 712px\" \/><\/figure>\n<\/div>\n<\/div>\n<\/div>\n<\/div>\n\n\n\n<div class=\"wp-block-group alignfull is-layout-constrained wp-container-core-group-is-layout-fab22c63 wp-block-group-is-layout-constrained\" style=\"margin-top:var(--wp--preset--spacing--50);margin-bottom:var(--wp--preset--spacing--50);padding-top:var(--wp--preset--spacing--80);padding-right:var(--wp--preset--spacing--80);padding-bottom:var(--wp--preset--spacing--80);padding-left:var(--wp--preset--spacing--80)\">\n<h2 class=\"wp-block-heading has-text-align-left animated slideInLeft o-anim-offset-o-anim-offset-0px\">Environnement de travail<\/h2>\n\n\n\n<div class=\"wp-block-columns is-layout-flex wp-container-core-columns-is-layout-28f84493 wp-block-columns-is-layout-flex\">\n<div class=\"wp-block-column is-layout-flow wp-block-column-is-layout-flow\">\n<div class=\"wp-block-columns is-layout-flex wp-container-core-columns-is-layout-28f84493 wp-block-columns-is-layout-flex\">\n<div class=\"wp-block-column is-layout-flow wp-block-column-is-layout-flow\">\n<div class=\"wp-block-group ma-colonne-hover animated zoomIn delay-100ms o-anim-offset-o-anim-offset-0px has-border-color has-ast-global-color-1-border-color is-vertical is-content-justification-center is-layout-flex wp-container-core-group-is-layout-58920785 wp-block-group-is-layout-flex\" style=\"border-width:2px;border-top-left-radius:24px;border-top-right-radius:24px;border-bottom-left-radius:24px;border-bottom-right-radius:24px;padding-top:var(--wp--preset--spacing--30);padding-right:var(--wp--preset--spacing--50);padding-bottom:var(--wp--preset--spacing--30);padding-left:var(--wp--preset--spacing--50)\">\n<div id=\"wp-block-themeisle-blocks-font-awesome-icons-43d8fd15\" class=\"wp-block-themeisle-blocks-font-awesome-icons\"><span class=\"wp-block-themeisle-blocks-font-awesome-icons-container\"><i class=\"fas fa-gamepad\"><\/i><\/span><\/div>\n\n\n\n<p class=\"has-text-align-center\"><strong>Studio vid\u00e9o<\/strong><\/p>\n<\/div>\n<\/div>\n\n\n\n<div class=\"wp-block-column is-layout-flow wp-block-column-is-layout-flow\">\n<div class=\"wp-block-group ma-colonne-hover animated zoomIn delay-100ms o-anim-offset-o-anim-offset-0px has-border-color has-ast-global-color-1-border-color is-vertical is-content-justification-center is-layout-flex wp-container-core-group-is-layout-b3bf4590 wp-block-group-is-layout-flex\" style=\"border-width:2px;border-top-left-radius:24px;border-top-right-radius:24px;border-bottom-left-radius:24px;border-bottom-right-radius:24px;padding-top:var(--wp--preset--spacing--30);padding-right:var(--wp--preset--spacing--50);padding-bottom:var(--wp--preset--spacing--30);padding-left:var(--wp--preset--spacing--50)\">\n<div id=\"wp-block-themeisle-blocks-font-awesome-icons-33fc0556\" class=\"wp-block-themeisle-blocks-font-awesome-icons\"><span class=\"wp-block-themeisle-blocks-font-awesome-icons-container\"><i class=\"fas fa-child\"><\/i><\/span><\/div>\n\n\n\n<p class=\"has-text-align-center\"><strong>Studios d\u2019animation<\/strong><\/p>\n<\/div>\n<\/div>\n<\/div>\n\n\n\n<div class=\"wp-block-columns is-layout-flex wp-container-core-columns-is-layout-28f84493 wp-block-columns-is-layout-flex\">\n<div class=\"wp-block-column is-layout-flow wp-block-column-is-layout-flow\">\n<div class=\"wp-block-group ma-colonne-hover animated zoomIn delay-100ms o-anim-offset-o-anim-offset-0px has-border-color has-ast-global-color-1-border-color is-vertical is-content-justification-center is-layout-flex wp-container-core-group-is-layout-e795610d wp-block-group-is-layout-flex\" style=\"border-width:2px;border-top-left-radius:24px;border-top-right-radius:24px;border-bottom-left-radius:24px;border-bottom-right-radius:24px;padding-top:0;padding-right:var(--wp--preset--spacing--50);padding-bottom:0;padding-left:var(--wp--preset--spacing--50)\">\n<div id=\"wp-block-themeisle-blocks-font-awesome-icons-11ac2a13\" class=\"wp-block-themeisle-blocks-font-awesome-icons\"><span class=\"wp-block-themeisle-blocks-font-awesome-icons-container\"><i class=\"fas fa-blender\"><\/i><\/span><\/div>\n\n\n\n<p class=\"has-text-align-center wp-container-content-0892b529\"><strong>Blender<\/strong><\/p>\n<\/div>\n<\/div>\n\n\n\n<div class=\"wp-block-column is-layout-flow wp-block-column-is-layout-flow\">\n<div class=\"wp-block-group ma-colonne-hover animated zoomIn delay-100ms o-anim-offset-o-anim-offset-0px has-border-color is-vertical is-content-justification-center is-layout-flex wp-container-core-group-is-layout-e795610d wp-block-group-is-layout-flex\" style=\"border-color:var(--ast-global-color-1);border-width:2px;border-top-left-radius:24px;border-top-right-radius:24px;border-bottom-left-radius:24px;border-bottom-right-radius:24px;padding-top:0;padding-right:var(--wp--preset--spacing--50);padding-bottom:0;padding-left:var(--wp--preset--spacing--50)\">\n<div id=\"wp-block-themeisle-blocks-font-awesome-icons-4b21af5c\" class=\"wp-block-themeisle-blocks-font-awesome-icons\"><span class=\"wp-block-themeisle-blocks-font-awesome-icons-container\"><i class=\"fas fa-ad\"><\/i><\/span><\/div>\n\n\n\n<p class=\"has-text-align-center wp-container-content-0892b529\"><strong>Adobe<\/strong><\/p>\n<\/div>\n<\/div>\n<\/div>\n<\/div>\n<\/div>\n\n\n\n<div class=\"wp-block-group is-content-justification-center is-nowrap is-layout-flex wp-container-core-group-is-layout-fc3d1aa8 wp-block-group-is-layout-flex\" style=\"border-style:none;border-width:0px;border-top-left-radius:24px;border-top-right-radius:24px;border-bottom-left-radius:24px;border-bottom-right-radius:24px;padding-top:var(--wp--preset--spacing--40);padding-right:var(--wp--preset--spacing--80);padding-bottom:var(--wp--preset--spacing--40);padding-left:var(--wp--preset--spacing--80)\"><\/div>\n<\/div>\n\n\n\n<div class=\"wp-block-group alignfull has-background is-layout-constrained wp-container-core-group-is-layout-0588d379 wp-block-group-is-layout-constrained\" style=\"background-color:#212a37;margin-top:var(--wp--preset--spacing--60);margin-bottom:var(--wp--preset--spacing--60);padding-top:var(--wp--preset--spacing--80);padding-right:var(--wp--preset--spacing--80);padding-bottom:var(--wp--preset--spacing--80);padding-left:var(--wp--preset--spacing--80)\">\n<div class=\"wp-block-group is-layout-constrained wp-block-group-is-layout-constrained\">\n<div class=\"wp-block-columns is-layout-flex wp-container-core-columns-is-layout-ef06f3fc wp-block-columns-is-layout-flex\">\n<div class=\"wp-block-column is-vertically-aligned-center animated slideInLeft o-anim-offset-o-anim-offset-0px is-layout-flow wp-container-core-column-is-layout-119bc444 wp-block-column-is-layout-flow\">\n<h3 class=\"wp-block-heading has-text-align-left animated slideInLeft o-anim-offset-o-anim-offset-0px\">Formations requises<\/h3>\n\n\n\n<p class=\"has-medium-font-size\">Un DEC en int\u00e9gration multim\u00e9dia, en animation 3D ou en design de jeux vid\u00e9o est g\u00e9n\u00e9ralement recommand\u00e9.<\/p>\n\n\n\n<p class=\"has-medium-font-size\"> Certains artistes poursuivent des \u00e9tudes universitaires en animation, en arts num\u00e9riques ou en conception de jeux.<\/p>\n\n\n\n<h3 class=\"wp-block-heading\">Salaires<\/h3>\n\n\n\n<p class=\"has-large-font-size\">Entre 55 000 $ \u00e0 75 000 $<\/p>\n<\/div>\n\n\n\n<div class=\"wp-block-column is-vertically-aligned-center is-layout-flow wp-block-column-is-layout-flow\">\n<figure class=\"wp-block-image size-large has-custom-border animated slideInRight o-anim-offset-o-anim-offset-0px\"><img loading=\"lazy\" decoding=\"async\" width=\"1024\" height=\"532\" src=\"https:\/\/lmagnan.dectim.ca\/env_professionnel_TP2\/blogue\/wp-content\/uploads\/2026\/04\/Capture-decran-2026-03-19-115319-1024x532.webp\" alt=\"\" class=\"wp-image-2244\" style=\"border-top-left-radius:24px;border-top-right-radius:24px;border-bottom-left-radius:24px;border-bottom-right-radius:24px\" srcset=\"https:\/\/lmagnan.dectim.ca\/env_professionnel_TP2\/blogue\/wp-content\/uploads\/2026\/04\/Capture-decran-2026-03-19-115319-1024x532.webp 1024w, https:\/\/lmagnan.dectim.ca\/env_professionnel_TP2\/blogue\/wp-content\/uploads\/2026\/04\/Capture-decran-2026-03-19-115319-300x156.webp 300w, https:\/\/lmagnan.dectim.ca\/env_professionnel_TP2\/blogue\/wp-content\/uploads\/2026\/04\/Capture-decran-2026-03-19-115319-768x399.webp 768w, https:\/\/lmagnan.dectim.ca\/env_professionnel_TP2\/blogue\/wp-content\/uploads\/2026\/04\/Capture-decran-2026-03-19-115319-500x260.webp 500w, https:\/\/lmagnan.dectim.ca\/env_professionnel_TP2\/blogue\/wp-content\/uploads\/2026\/04\/Capture-decran-2026-03-19-115319-800x415.webp 800w, https:\/\/lmagnan.dectim.ca\/env_professionnel_TP2\/blogue\/wp-content\/uploads\/2026\/04\/Capture-decran-2026-03-19-115319.webp 1038w\" sizes=\"auto, (max-width: 1024px) 100vw, 1024px\" \/><\/figure>\n<\/div>\n<\/div>\n<\/div>\n\n\n\n<h3 class=\"wp-block-heading animated slideInLeft o-anim-offset-o-anim-offset-0px\">Perspectives<\/h3>\n\n\n\n<p class=\"animated slideInLeft o-anim-offset-o-anim-offset-0px has-medium-font-size\">Avec de l\u2019exp\u00e9rience, un artiste en environnement peut devenir artiste senior, directeur artistique, sp\u00e9cialiste en environnements AAA ou superviseur d\u2019\u00e9quipe. Il peut aussi travailler comme pigiste pour plusieurs studios.<\/p>\n<\/div>\n\n\n\n<hr class=\"wp-block-separator has-text-color has-ast-global-color-2-color has-alpha-channel-opacity has-ast-global-color-2-background-color has-background is-style-wide\"\/>\n\n\n\n<div style=\"height:60px\" aria-hidden=\"true\" class=\"wp-block-spacer\"><\/div>\n\n\n\n<div class=\"wp-block-uagb-modal uagb-block-eed404a9 uagb-modal-wrapper animated slideInLeft o-anim-offset-o-anim-offset-0px\" data-escpress=\"enable\" data-overlayclick=\"disable\"><div class=\"uagb-spectra-button-wrapper wp-block-button\"><a class=\"uagb-modal-button-link wp-block-button__link uagb-modal-trigger\" href=\"#\" onclick=\"return false;\" target=\"_self\" rel=\"noopener noreferrer\"><span class=\"uagb-modal-content-wrapper\"><span class=\"uagb-inline-editing\">Utilisation de l&rsquo;IA<\/span><\/span><\/a><\/div><div class=\"uagb-effect-default uagb-modal-popup uagb-block-eed404a9 uagb-modal-type-undefined\"><div class=\"uagb-modal-popup-wrap\"><div class=\"uagb-modal-popup-content\">\n<div class=\"wp-block-uagb-info-box uagb-block-ea9cb894 uagb-infobox__content-wrap  uagb-infobox-icon-above-title uagb-infobox-image-valign-top\"><div class=\"uagb-ifb-content\"><div class=\"uagb-ifb-icon-wrap\"><svg xmlns=\"https:\/\/www.w3.org\/2000\/svg\" viewBox=\"0 0 512 512\"><path d=\"M0 256C0 114.6 114.6 0 256 0C397.4 0 512 114.6 512 256C512 397.4 397.4 512 256 512C114.6 512 0 397.4 0 256zM371.8 211.8C382.7 200.9 382.7 183.1 371.8 172.2C360.9 161.3 343.1 161.3 332.2 172.2L224 280.4L179.8 236.2C168.9 225.3 151.1 225.3 140.2 236.2C129.3 247.1 129.3 264.9 140.2 275.8L204.2 339.8C215.1 350.7 232.9 350.7 243.8 339.8L371.8 211.8z\"><\/path><\/svg><\/div><div class=\"uagb-ifb-title-wrap\"><h3 class=\"uagb-ifb-title\">Engage Your Visitors!<\/h3><\/div><p class=\"uagb-ifb-desc\">Ce contenu a \u00e9t\u00e9 r\u00e9alis\u00e9 avec l\u2019aide de l\u2019intelligence artificielle, notamment pour la correction, la recherche d\u2019id\u00e9es et certains \u00e9l\u00e9ments visuels.<br><br><a href=\"https:\/\/chatgpt.com\/share\/69decbc2-a5b8-83ea-a048-39e7bab40bba\">https:\/\/chatgpt.com\/share\/69decbc2-a5b8-83ea-a048-39e7bab40bba<\/a><\/p><div class=\"uagb-ifb-button-wrapper wp-block-button\"><a href=\"#\" class=\"uagb-infobox-cta-link wp-block-button__link\" target=\"_self\" rel=\"noopener noreferrer\" onclick=\"return false;\"><span class=\"uagb-inline-editing\">Call To Action<\/span><\/a><\/div><\/div><\/div>\n<\/div><button class=\"uagb-modal-popup-close\" aria-label=\"Close Modal\"><svg xmlns=\"https:\/\/www.w3.org\/2000\/svg\" viewBox=\"0 0 320 512\"><path d=\"M310.6 361.4c12.5 12.5 12.5 32.75 0 45.25C304.4 412.9 296.2 416 288 416s-16.38-3.125-22.62-9.375L160 301.3L54.63 406.6C48.38 412.9 40.19 416 32 416S15.63 412.9 9.375 406.6c-12.5-12.5-12.5-32.75 0-45.25l105.4-105.4L9.375 150.6c-12.5-12.5-12.5-32.75 0-45.25s32.75-12.5 45.25 0L160 210.8l105.4-105.4c12.5-12.5 32.75-12.5 45.25 0s12.5 32.75 0 45.25l-105.4 105.4L310.6 361.4z\"><\/path><\/svg><\/button><\/div><\/div><\/div>\n\n\n\n<div style=\"height:60px\" aria-hidden=\"true\" class=\"wp-block-spacer\"><\/div>\n","protected":false},"excerpt":{"rendered":"<p>Camille Roy Est charg\u00e9 de transformer des mod\u00e8les, des textures et des animations en images ou en vid\u00e9os r\u00e9alistes ou [&hellip;]<\/p>\n","protected":false},"author":4,"featured_media":0,"parent":0,"menu_order":0,"comment_status":"closed","ping_status":"closed","template":"","meta":{"_uag_custom_page_level_css":"","site-sidebar-layout":"default","site-content-layout":"","ast-site-content-layout":"default","site-content-style":"default","site-sidebar-style":"default","ast-global-header-display":"","ast-banner-title-visibility":"","ast-main-header-display":"","ast-hfb-above-header-display":"","ast-hfb-below-header-display":"","ast-hfb-mobile-header-display":"","site-post-title":"disabled","ast-breadcrumbs-content":"","ast-featured-img":"","footer-sml-layout":"","ast-disable-related-posts":"","theme-transparent-header-meta":"","adv-header-id-meta":"","stick-header-meta":"","header-above-stick-meta":"","header-main-stick-meta":"","header-below-stick-meta":"","astra-migrate-meta-layouts":"default","ast-page-background-enabled":"default","ast-page-background-meta":{"desktop":{"background-color":"var(--ast-global-color-5)","background-image":"","background-repeat":"repeat","background-position":"center center","background-size":"auto","background-attachment":"scroll","background-type":"","background-media":"","overlay-type":"","overlay-color":"","overlay-opacity":"","overlay-gradient":""},"tablet":{"background-color":"","background-image":"","background-repeat":"repeat","background-position":"center center","background-size":"auto","background-attachment":"scroll","background-type":"","background-media":"","overlay-type":"","overlay-color":"","overlay-opacity":"","overlay-gradient":""},"mobile":{"background-color":"","background-image":"","background-repeat":"repeat","background-position":"center center","background-size":"auto","background-attachment":"scroll","background-type":"","background-media":"","overlay-type":"","overlay-color":"","overlay-opacity":"","overlay-gradient":""}},"ast-content-background-meta":{"desktop":{"background-color":"var(--ast-global-color-4)","background-image":"","background-repeat":"repeat","background-position":"center center","background-size":"auto","background-attachment":"scroll","background-type":"","background-media":"","overlay-type":"","overlay-color":"","overlay-opacity":"","overlay-gradient":""},"tablet":{"background-color":"var(--ast-global-color-4)","background-image":"","background-repeat":"repeat","background-position":"center center","background-size":"auto","background-attachment":"scroll","background-type":"","background-media":"","overlay-type":"","overlay-color":"","overlay-opacity":"","overlay-gradient":""},"mobile":{"background-color":"var(--ast-global-color-4)","background-image":"","background-repeat":"repeat","background-position":"center center","background-size":"auto","background-attachment":"scroll","background-type":"","background-media":"","overlay-type":"","overlay-color":"","overlay-opacity":"","overlay-gradient":""}},"_themeisle_gutenberg_block_has_review":false,"footnotes":""},"class_list":["post-1066","page","type-page","status-publish","hentry"],"uagb_featured_image_src":{"full":false,"thumbnail":false,"medium":false,"medium_large":false,"large":false,"1536x1536":false,"2048x2048":false,"awb_sm":false,"awb_md":false,"awb_lg":false,"awb_xl":false},"uagb_author_info":{"display_name":"Charles Bilodeau","author_link":"https:\/\/lmagnan.dectim.ca\/env_professionnel_TP2\/blogue\/author\/charles\/"},"uagb_comment_info":0,"uagb_excerpt":"Camille Roy Est charg\u00e9 de transformer des mod\u00e8les, des textures et des animations en images ou en vid\u00e9os r\u00e9alistes ou [&hellip;]","_links":{"self":[{"href":"https:\/\/lmagnan.dectim.ca\/env_professionnel_TP2\/blogue\/wp-json\/wp\/v2\/pages\/1066","targetHints":{"allow":["GET"]}}],"collection":[{"href":"https:\/\/lmagnan.dectim.ca\/env_professionnel_TP2\/blogue\/wp-json\/wp\/v2\/pages"}],"about":[{"href":"https:\/\/lmagnan.dectim.ca\/env_professionnel_TP2\/blogue\/wp-json\/wp\/v2\/types\/page"}],"author":[{"embeddable":true,"href":"https:\/\/lmagnan.dectim.ca\/env_professionnel_TP2\/blogue\/wp-json\/wp\/v2\/users\/4"}],"replies":[{"embeddable":true,"href":"https:\/\/lmagnan.dectim.ca\/env_professionnel_TP2\/blogue\/wp-json\/wp\/v2\/comments?post=1066"}],"version-history":[{"count":21,"href":"https:\/\/lmagnan.dectim.ca\/env_professionnel_TP2\/blogue\/wp-json\/wp\/v2\/pages\/1066\/revisions"}],"predecessor-version":[{"id":2250,"href":"https:\/\/lmagnan.dectim.ca\/env_professionnel_TP2\/blogue\/wp-json\/wp\/v2\/pages\/1066\/revisions\/2250"}],"wp:attachment":[{"href":"https:\/\/lmagnan.dectim.ca\/env_professionnel_TP2\/blogue\/wp-json\/wp\/v2\/media?parent=1066"}],"curies":[{"name":"wp","href":"https:\/\/api.w.org\/{rel}","templated":true}]}}